{"id":1001,"date":"2018-10-04T00:02:57","date_gmt":"2018-10-03T22:02:57","guid":{"rendered":"http:\/\/www.vulkanlandsternwarte.at\/?page_id=1001"},"modified":"2019-01-04T15:23:43","modified_gmt":"2019-01-04T14:23:43","slug":"sonnensystem","status":"publish","type":"page","link":"https:\/\/www.vulkanlandsternwarte.at\/index.php\/sonnensystem\/","title":{"rendered":"Sonnensystem"},"content":{"rendered":"<p>&nbsp;<\/p>\n<figure id=\"attachment_1372\" aria-describedby=\"caption-attachment-1372\" style=\"width: 525px\" class=\"wp-caption alignnone\"><a href=\"https:\/\/www.vulkanlandsternwarte.at\/wordpress\/wp-content\/uploads\/2019\/01\/91D0EAA1-B86D-4505-9A4D-690FF1E2C042.jpeg\"><img loading=\"lazy\" decoding=\"async\" class=\"size-large wp-image-1372\" src=\"https:\/\/www.vulkanlandsternwarte.at\/wordpress\/wp-content\/uploads\/2019\/01\/91D0EAA1-B86D-4505-9A4D-690FF1E2C042-1024x645.jpeg\" alt=\"\" width=\"525\" height=\"331\" srcset=\"https:\/\/www.vulkanlandsternwarte.at\/wordpress\/wp-content\/uploads\/2019\/01\/91D0EAA1-B86D-4505-9A4D-690FF1E2C042-1024x645.jpeg 1024w, https:\/\/www.vulkanlandsternwarte.at\/wordpress\/wp-content\/uploads\/2019\/01\/91D0EAA1-B86D-4505-9A4D-690FF1E2C042-300x189.jpeg 300w, https:\/\/www.vulkanlandsternwarte.at\/wordpress\/wp-content\/uploads\/2019\/01\/91D0EAA1-B86D-4505-9A4D-690FF1E2C042-768x484.jpeg 768w\" sizes=\"auto, (max-width: 525px) 100vw, 525px\" \/><\/a><figcaption id=\"caption-attachment-1372\" class=\"wp-caption-text\">Komet Wirtanen<br \/>Belichtung: 20x 120sec<br \/>Teleskop: 60mm APO F6<br \/>Kamera: EOS 50D<br \/>Prozess: Pixinsight<br \/>Hannes Schmidt<\/figcaption><\/figure>\n<figure id=\"attachment_1368\" aria-describedby=\"caption-attachment-1368\" style=\"width: 352px\" class=\"wp-caption alignnone\"><a href=\"https:\/\/www.vulkanlandsternwarte.at\/wordpress\/wp-content\/uploads\/2019\/01\/E1187560-ECF7-440A-AD64-E20C28140753.jpeg\"><img loading=\"lazy\" decoding=\"async\" class=\"size-full wp-image-1368\" src=\"https:\/\/www.vulkanlandsternwarte.at\/wordpress\/wp-content\/uploads\/2019\/01\/E1187560-ECF7-440A-AD64-E20C28140753.jpeg\" alt=\"\" width=\"352\" height=\"288\" srcset=\"https:\/\/www.vulkanlandsternwarte.at\/wordpress\/wp-content\/uploads\/2019\/01\/E1187560-ECF7-440A-AD64-E20C28140753.jpeg 352w, https:\/\/www.vulkanlandsternwarte.at\/wordpress\/wp-content\/uploads\/2019\/01\/E1187560-ECF7-440A-AD64-E20C28140753-300x245.jpeg 300w\" sizes=\"auto, (max-width: 352px) 100vw, 352px\" \/><\/a><figcaption id=\"caption-attachment-1368\" class=\"wp-caption-text\">Jupiter von 2006 Hannes Schmidt<\/figcaption><\/figure>\n<figure id=\"attachment_1369\" aria-describedby=\"caption-attachment-1369\" style=\"width: 352px\" class=\"wp-caption alignnone\"><a href=\"https:\/\/www.vulkanlandsternwarte.at\/wordpress\/wp-content\/uploads\/2019\/01\/2B6FDA00-5080-4E18-8FAE-1C7B58D1E9E1.jpeg\"><img loading=\"lazy\" decoding=\"async\" class=\"size-full wp-image-1369\" src=\"https:\/\/www.vulkanlandsternwarte.at\/wordpress\/wp-content\/uploads\/2019\/01\/2B6FDA00-5080-4E18-8FAE-1C7B58D1E9E1.jpeg\" alt=\"\" width=\"352\" height=\"288\" srcset=\"https:\/\/www.vulkanlandsternwarte.at\/wordpress\/wp-content\/uploads\/2019\/01\/2B6FDA00-5080-4E18-8FAE-1C7B58D1E9E1.jpeg 352w, https:\/\/www.vulkanlandsternwarte.at\/wordpress\/wp-content\/uploads\/2019\/01\/2B6FDA00-5080-4E18-8FAE-1C7B58D1E9E1-300x245.jpeg 300w\" sizes=\"auto, (max-width: 352px) 100vw, 352px\" \/><\/a><figcaption id=\"caption-attachment-1369\" class=\"wp-caption-text\">Mars von 2005 Hannes Schmidt<\/figcaption><\/figure>\n<figure id=\"attachment_1367\" aria-describedby=\"caption-attachment-1367\" style=\"width: 352px\" class=\"wp-caption alignnone\"><a href=\"https:\/\/www.vulkanlandsternwarte.at\/wordpress\/wp-content\/uploads\/2019\/01\/69C163F2-DB92-4F99-A40B-634C5B93B97A.jpeg\"><img loading=\"lazy\" decoding=\"async\" class=\"size-full wp-image-1367\" src=\"https:\/\/www.vulkanlandsternwarte.at\/wordpress\/wp-content\/uploads\/2019\/01\/69C163F2-DB92-4F99-A40B-634C5B93B97A.jpeg\" alt=\"\" width=\"352\" height=\"288\" srcset=\"https:\/\/www.vulkanlandsternwarte.at\/wordpress\/wp-content\/uploads\/2019\/01\/69C163F2-DB92-4F99-A40B-634C5B93B97A.jpeg 352w, https:\/\/www.vulkanlandsternwarte.at\/wordpress\/wp-content\/uploads\/2019\/01\/69C163F2-DB92-4F99-A40B-634C5B93B97A-300x245.jpeg 300w\" sizes=\"auto, (max-width: 352px) 100vw, 352px\" \/><\/a><figcaption id=\"caption-attachment-1367\" class=\"wp-caption-text\">Saturn von 2003 Hannes Schmidt<\/figcaption><\/figure>\n<p><img loading=\"lazy\" decoding=\"async\" class=\"aligncenter size-large wp-image-702\" src=\"https:\/\/www.vulkanlandsternwarte.at\/wordpress\/wp-content\/uploads\/2018\/04\/mond_22042018jbearb_kaukasus_ausschnitta-anoted-1024x567.jpg\" alt=\"\" width=\"525\" height=\"291\" srcset=\"https:\/\/www.vulkanlandsternwarte.at\/wordpress\/wp-content\/uploads\/2018\/04\/mond_22042018jbearb_kaukasus_ausschnitta-anoted-1024x567.jpg 1024w, https:\/\/www.vulkanlandsternwarte.at\/wordpress\/wp-content\/uploads\/2018\/04\/mond_22042018jbearb_kaukasus_ausschnitta-anoted-300x166.jpg 300w, https:\/\/www.vulkanlandsternwarte.at\/wordpress\/wp-content\/uploads\/2018\/04\/mond_22042018jbearb_kaukasus_ausschnitta-anoted-768x425.jpg 768w, https:\/\/www.vulkanlandsternwarte.at\/wordpress\/wp-content\/uploads\/2018\/04\/mond_22042018jbearb_kaukasus_ausschnitta-anoted-450x250.jpg 450w, https:\/\/www.vulkanlandsternwarte.at\/wordpress\/wp-content\/uploads\/2018\/04\/mond_22042018jbearb_kaukasus_ausschnitta-anoted.jpg 1053w\" sizes=\"auto, (max-width: 525px) 100vw, 525px\" \/><\/p>\n<div id='gallery-1' class='gallery galleryid-1001 gallery-columns-3 gallery-size-thumbnail'><figure class='gallery-item'>\n\t\t\t<div class='gallery-icon landscape'>\n\t\t\t\t<a href='https:\/\/www.vulkanlandsternwarte.at\/38003139_2018747991489999_7658932570108723200_n\/'><img loading=\"lazy\" decoding=\"async\" width=\"150\" height=\"150\" src=\"https:\/\/www.vulkanlandsternwarte.at\/wordpress\/wp-content\/uploads\/2018\/07\/38003139_2018747991489999_7658932570108723200_n-150x150.jpg\" class=\"attachment-thumbnail size-thumbnail\" alt=\"\" srcset=\"https:\/\/www.vulkanlandsternwarte.at\/wordpress\/wp-content\/uploads\/2018\/07\/38003139_2018747991489999_7658932570108723200_n-150x150.jpg 150w, https:\/\/www.vulkanlandsternwarte.at\/wordpress\/wp-content\/uploads\/2018\/07\/38003139_2018747991489999_7658932570108723200_n-300x298.jpg 300w, https:\/\/www.vulkanlandsternwarte.at\/wordpress\/wp-content\/uploads\/2018\/07\/38003139_2018747991489999_7658932570108723200_n-768x764.jpg 768w, https:\/\/www.vulkanlandsternwarte.at\/wordpress\/wp-content\/uploads\/2018\/07\/38003139_2018747991489999_7658932570108723200_n-100x100.jpg 100w, https:\/\/www.vulkanlandsternwarte.at\/wordpress\/wp-content\/uploads\/2018\/07\/38003139_2018747991489999_7658932570108723200_n.jpg 960w\" sizes=\"auto, 100vw\" \/><\/a>\n\t\t\t<\/div><\/figure><figure class='gallery-item'>\n\t\t\t<div class='gallery-icon landscape'>\n\t\t\t\t<a href='https:\/\/www.vulkanlandsternwarte.at\/38085765_2018750421489756_4616744802707308544_n\/'><img loading=\"lazy\" decoding=\"async\" width=\"150\" height=\"150\" src=\"https:\/\/www.vulkanlandsternwarte.at\/wordpress\/wp-content\/uploads\/2018\/07\/38085765_2018750421489756_4616744802707308544_n-150x150.jpg\" class=\"attachment-thumbnail size-thumbnail\" alt=\"\" srcset=\"https:\/\/www.vulkanlandsternwarte.at\/wordpress\/wp-content\/uploads\/2018\/07\/38085765_2018750421489756_4616744802707308544_n-150x150.jpg 150w, https:\/\/www.vulkanlandsternwarte.at\/wordpress\/wp-content\/uploads\/2018\/07\/38085765_2018750421489756_4616744802707308544_n-300x300.jpg 300w, https:\/\/www.vulkanlandsternwarte.at\/wordpress\/wp-content\/uploads\/2018\/07\/38085765_2018750421489756_4616744802707308544_n-768x768.jpg 768w, https:\/\/www.vulkanlandsternwarte.at\/wordpress\/wp-content\/uploads\/2018\/07\/38085765_2018750421489756_4616744802707308544_n-100x100.jpg 100w, https:\/\/www.vulkanlandsternwarte.at\/wordpress\/wp-content\/uploads\/2018\/07\/38085765_2018750421489756_4616744802707308544_n.jpg 960w\" sizes=\"auto, 100vw\" \/><\/a>\n\t\t\t<\/div><\/figure><figure class='gallery-item'>\n\t\t\t<div class='gallery-icon portrait'>\n\t\t\t\t<a href='https:\/\/www.vulkanlandsternwarte.at\/38027299_2018750088156456_136401370977665024_n\/'><img loading=\"lazy\" decoding=\"async\" width=\"150\" height=\"150\" src=\"https:\/\/www.vulkanlandsternwarte.at\/wordpress\/wp-content\/uploads\/2018\/07\/38027299_2018750088156456_136401370977665024_n-150x150.jpg\" class=\"attachment-thumbnail size-thumbnail\" alt=\"\" srcset=\"https:\/\/www.vulkanlandsternwarte.at\/wordpress\/wp-content\/uploads\/2018\/07\/38027299_2018750088156456_136401370977665024_n-150x150.jpg 150w, https:\/\/www.vulkanlandsternwarte.at\/wordpress\/wp-content\/uploads\/2018\/07\/38027299_2018750088156456_136401370977665024_n-768x775.jpg 768w, https:\/\/www.vulkanlandsternwarte.at\/wordpress\/wp-content\/uploads\/2018\/07\/38027299_2018750088156456_136401370977665024_n-100x100.jpg 100w, https:\/\/www.vulkanlandsternwarte.at\/wordpress\/wp-content\/uploads\/2018\/07\/38027299_2018750088156456_136401370977665024_n.jpg 951w\" sizes=\"auto, 100vw\" \/><\/a>\n\t\t\t<\/div><\/figure><figure class='gallery-item'>\n\t\t\t<div class='gallery-icon landscape'>\n\t\t\t\t<a href='https:\/\/www.vulkanlandsternwarte.at\/38023461_2018749974823134_9075448986608861184_n\/'><img loading=\"lazy\" decoding=\"async\" width=\"150\" height=\"150\" src=\"https:\/\/www.vulkanlandsternwarte.at\/wordpress\/wp-content\/uploads\/2018\/07\/38023461_2018749974823134_9075448986608861184_n-150x150.jpg\" class=\"attachment-thumbnail size-thumbnail\" alt=\"\" srcset=\"https:\/\/www.vulkanlandsternwarte.at\/wordpress\/wp-content\/uploads\/2018\/07\/38023461_2018749974823134_9075448986608861184_n-150x150.jpg 150w, https:\/\/www.vulkanlandsternwarte.at\/wordpress\/wp-content\/uploads\/2018\/07\/38023461_2018749974823134_9075448986608861184_n-100x100.jpg 100w\" sizes=\"auto, 100vw\" \/><\/a>\n\t\t\t<\/div><\/figure><figure class='gallery-item'>\n\t\t\t<div class='gallery-icon landscape'>\n\t\t\t\t<a href='https:\/\/www.vulkanlandsternwarte.at\/index.php\/wordpress\/2018\/04\/20\/sonnenbeobachtung-14-4-2018-firstlight-mit-neuem-h-alpha-filter\/sonne_14042018protubeb-kopie\/'><img loading=\"lazy\" decoding=\"async\" width=\"150\" height=\"150\" src=\"https:\/\/www.vulkanlandsternwarte.at\/wordpress\/wp-content\/uploads\/2018\/04\/Sonne_14042018protubeb-Kopie-150x150.jpg\" class=\"attachment-thumbnail size-thumbnail\" alt=\"\" aria-describedby=\"gallery-1-669\" srcset=\"https:\/\/www.vulkanlandsternwarte.at\/wordpress\/wp-content\/uploads\/2018\/04\/Sonne_14042018protubeb-Kopie-150x150.jpg 150w, https:\/\/www.vulkanlandsternwarte.at\/wordpress\/wp-content\/uploads\/2018\/04\/Sonne_14042018protubeb-Kopie-100x100.jpg 100w\" sizes=\"auto, 100vw\" \/><\/a>\n\t\t\t<\/div>\n\t\t\t\t<figcaption class='wp-caption-text gallery-caption' id='gallery-1-669'>\n\t\t\t\tBei dieser Protuberanz konnte ich nun den neuen Quarkfilter ausprobieren. Der Kontrast war sehr gut.\n\t\t\t\t<\/figcaption><\/figure><figure class='gallery-item'>\n\t\t\t<div class='gallery-icon landscape'>\n\t\t\t\t<a href='https:\/\/www.vulkanlandsternwarte.at\/index.php\/wordpress\/2018\/04\/20\/sonnenbeobachtung-14-4-2018-firstlight-mit-neuem-h-alpha-filter\/sonne_14042018_gesamt\/'><img loading=\"lazy\" decoding=\"async\" width=\"150\" height=\"150\" src=\"https:\/\/www.vulkanlandsternwarte.at\/wordpress\/wp-content\/uploads\/2018\/04\/sonne_14042018_gesamt-150x150.jpg\" class=\"attachment-thumbnail size-thumbnail\" alt=\"\" aria-describedby=\"gallery-1-667\" srcset=\"https:\/\/www.vulkanlandsternwarte.at\/wordpress\/wp-content\/uploads\/2018\/04\/sonne_14042018_gesamt-150x150.jpg 150w, https:\/\/www.vulkanlandsternwarte.at\/wordpress\/wp-content\/uploads\/2018\/04\/sonne_14042018_gesamt-100x100.jpg 100w\" sizes=\"auto, 100vw\" \/><\/a>\n\t\t\t<\/div>\n\t\t\t\t<figcaption class='wp-caption-text gallery-caption' id='gallery-1-667'>\n\t\t\t\tWir n\u00e4hern uns dem solaren Minimum. Die Sonne war fleckenlos, nur eine kleine aktive Region bildete sich, sie wuchs aber die n\u00e4chsten Tage nicht weiter. Eine sch\u00f6ne Protuberanz war auf 6 Uhr zu sehen.\n\t\t\t\t<\/figcaption><\/figure><figure class='gallery-item'>\n\t\t\t<div class='gallery-icon landscape'>\n\t\t\t\t<a href='https:\/\/www.vulkanlandsternwarte.at\/index.php\/wordpress\/2018\/01\/02\/hoehepunkte-im-jahr-2017\/17757680_1461794033852067_1282116845_n\/'><img loading=\"lazy\" decoding=\"async\" width=\"150\" height=\"150\" src=\"https:\/\/www.vulkanlandsternwarte.at\/wordpress\/wp-content\/uploads\/2018\/01\/17757680_1461794033852067_1282116845_n-150x150.jpg\" class=\"attachment-thumbnail size-thumbnail\" alt=\"\" srcset=\"https:\/\/www.vulkanlandsternwarte.at\/wordpress\/wp-content\/uploads\/2018\/01\/17757680_1461794033852067_1282116845_n-150x150.jpg 150w, https:\/\/www.vulkanlandsternwarte.at\/wordpress\/wp-content\/uploads\/2018\/01\/17757680_1461794033852067_1282116845_n-100x100.jpg 100w\" sizes=\"auto, 100vw\" \/><\/a>\n\t\t\t<\/div><\/figure><figure class='gallery-item'>\n\t\t\t<div class='gallery-icon landscape'>\n\t\t\t\t<a href='https:\/\/www.vulkanlandsternwarte.at\/index.php\/wordpress\/2018\/01\/02\/hoehepunkte-im-jahr-2017\/20706282_1599667976731338_1479936695_o\/'><img loading=\"lazy\" decoding=\"async\" width=\"150\" height=\"150\" src=\"https:\/\/www.vulkanlandsternwarte.at\/wordpress\/wp-content\/uploads\/2018\/01\/20706282_1599667976731338_1479936695_o-150x150.jpg\" class=\"attachment-thumbnail size-thumbnail\" alt=\"\" srcset=\"https:\/\/www.vulkanlandsternwarte.at\/wordpress\/wp-content\/uploads\/2018\/01\/20706282_1599667976731338_1479936695_o-150x150.jpg 150w, https:\/\/www.vulkanlandsternwarte.at\/wordpress\/wp-content\/uploads\/2018\/01\/20706282_1599667976731338_1479936695_o-100x100.jpg 100w\" sizes=\"auto, 100vw\" \/><\/a>\n\t\t\t<\/div><\/figure><figure class='gallery-item'>\n\t\t\t<div class='gallery-icon landscape'>\n\t\t\t\t<a href='https:\/\/www.vulkanlandsternwarte.at\/index.php\/wordpress\/2018\/01\/02\/hoehepunkte-im-jahr-2017\/20136384_1574775322553937_1896659263_n\/'><img loading=\"lazy\" decoding=\"async\" width=\"150\" height=\"150\" src=\"https:\/\/www.vulkanlandsternwarte.at\/wordpress\/wp-content\/uploads\/2018\/01\/20136384_1574775322553937_1896659263_n-150x150.jpg\" class=\"attachment-thumbnail size-thumbnail\" alt=\"\" srcset=\"https:\/\/www.vulkanlandsternwarte.at\/wordpress\/wp-content\/uploads\/2018\/01\/20136384_1574775322553937_1896659263_n-150x150.jpg 150w, https:\/\/www.vulkanlandsternwarte.at\/wordpress\/wp-content\/uploads\/2018\/01\/20136384_1574775322553937_1896659263_n-100x100.jpg 100w\" sizes=\"auto, 100vw\" \/><\/a>\n\t\t\t<\/div><\/figure><figure class='gallery-item'>\n\t\t\t<div class='gallery-icon landscape'>\n\t\t\t\t<a href='https:\/\/www.vulkanlandsternwarte.at\/index.php\/wordpress\/2018\/01\/02\/hoehepunkte-im-jahr-2017\/19149182_1539804302717706_6683869488701494308_n\/'><img loading=\"lazy\" decoding=\"async\" width=\"150\" height=\"150\" src=\"https:\/\/www.vulkanlandsternwarte.at\/wordpress\/wp-content\/uploads\/2018\/01\/19149182_1539804302717706_6683869488701494308_n-150x150.jpg\" class=\"attachment-thumbnail size-thumbnail\" alt=\"\" srcset=\"https:\/\/www.vulkanlandsternwarte.at\/wordpress\/wp-content\/uploads\/2018\/01\/19149182_1539804302717706_6683869488701494308_n-150x150.jpg 150w, https:\/\/www.vulkanlandsternwarte.at\/wordpress\/wp-content\/uploads\/2018\/01\/19149182_1539804302717706_6683869488701494308_n-100x100.jpg 100w\" sizes=\"auto, 100vw\" \/><\/a>\n\t\t\t<\/div><\/figure>\n\t\t<\/div>\n\n","protected":false},"excerpt":{"rendered":"<p>&nbsp;<\/p>\n","protected":false},"author":1,"featured_media":0,"parent":0,"menu_order":0,"comment_status":"closed","ping_status":"closed","template":"","meta":{"footnotes":""},"class_list":["post-1001","page","type-page","status-publish","hentry"],"_links":{"self":[{"href":"https:\/\/www.vulkanlandsternwarte.at\/index.php\/wp-json\/wp\/v2\/pages\/1001","targetHints":{"allow":["GET"]}}],"collection":[{"href":"https:\/\/www.vulkanlandsternwarte.at\/index.php\/wp-json\/wp\/v2\/pages"}],"about":[{"href":"https:\/\/www.vulkanlandsternwarte.at\/index.php\/wp-json\/wp\/v2\/types\/page"}],"author":[{"embeddable":true,"href":"https:\/\/www.vulkanlandsternwarte.at\/index.php\/wp-json\/wp\/v2\/users\/1"}],"replies":[{"embeddable":true,"href":"https:\/\/www.vulkanlandsternwarte.at\/index.php\/wp-json\/wp\/v2\/comments?post=1001"}],"version-history":[{"count":5,"href":"https:\/\/www.vulkanlandsternwarte.at\/index.php\/wp-json\/wp\/v2\/pages\/1001\/revisions"}],"predecessor-version":[{"id":1373,"href":"https:\/\/www.vulkanlandsternwarte.at\/index.php\/wp-json\/wp\/v2\/pages\/1001\/revisions\/1373"}],"wp:attachment":[{"href":"https:\/\/www.vulkanlandsternwarte.at\/index.php\/wp-json\/wp\/v2\/media?parent=1001"}],"curies":[{"name":"wp","href":"https:\/\/api.w.org\/{rel}","templated":true}]}}