{"id":1005,"date":"2018-10-04T00:04:06","date_gmt":"2018-10-03T22:04:06","guid":{"rendered":"http:\/\/www.vulkanlandsternwarte.at\/?page_id=1005"},"modified":"2020-05-06T22:57:47","modified_gmt":"2020-05-06T20:57:47","slug":"sternhaufen","status":"publish","type":"page","link":"https:\/\/www.vulkanlandsternwarte.at\/index.php\/sternhaufen\/","title":{"rendered":"Sternhaufen"},"content":{"rendered":"<p>M13<\/p>\n<figure id=\"attachment_2287\" aria-describedby=\"caption-attachment-2287\" style=\"width: 525px\" class=\"wp-caption alignnone\"><a href=\"https:\/\/www.vulkanlandsternwarte.at\/wordpress\/wp-content\/uploads\/2020\/04\/FF157747-632B-48F0-ABE5-769E4B4F9A81.jpeg\"><img loading=\"lazy\" decoding=\"async\" class=\"size-large wp-image-2287\" src=\"https:\/\/www.vulkanlandsternwarte.at\/wordpress\/wp-content\/uploads\/2020\/04\/FF157747-632B-48F0-ABE5-769E4B4F9A81-1024x1024.jpeg\" alt=\"\" width=\"525\" height=\"525\" srcset=\"https:\/\/www.vulkanlandsternwarte.at\/wordpress\/wp-content\/uploads\/2020\/04\/FF157747-632B-48F0-ABE5-769E4B4F9A81-1024x1024.jpeg 1024w, https:\/\/www.vulkanlandsternwarte.at\/wordpress\/wp-content\/uploads\/2020\/04\/FF157747-632B-48F0-ABE5-769E4B4F9A81-150x150.jpeg 150w, https:\/\/www.vulkanlandsternwarte.at\/wordpress\/wp-content\/uploads\/2020\/04\/FF157747-632B-48F0-ABE5-769E4B4F9A81-300x300.jpeg 300w, https:\/\/www.vulkanlandsternwarte.at\/wordpress\/wp-content\/uploads\/2020\/04\/FF157747-632B-48F0-ABE5-769E4B4F9A81-768x768.jpeg 768w, https:\/\/www.vulkanlandsternwarte.at\/wordpress\/wp-content\/uploads\/2020\/04\/FF157747-632B-48F0-ABE5-769E4B4F9A81-100x100.jpeg 100w\" sizes=\"auto, (max-width: 525px) 100vw, 525px\" \/><\/a><figcaption id=\"caption-attachment-2287\" class=\"wp-caption-text\">93 x 120sec, ISO1600, Eos 200Da, 8\u201c F4 Lacerta Fotonewton, Nachf\u00fchrkamera Lacerta Mgen2, Montierung Ioptron Cem60, bearbeitet in Pixinsight<br \/>Hannes Schmidt<\/figcaption><\/figure>\n<p>&nbsp;<\/p>\n<p>M45 Plejaden<\/p>\n<figure id=\"attachment_1928\" aria-describedby=\"caption-attachment-1928\" style=\"width: 525px\" class=\"wp-caption alignnone\"><a href=\"https:\/\/www.vulkanlandsternwarte.at\/wordpress\/wp-content\/uploads\/2019\/12\/58FFC88F-4D02-49FA-97EB-1082A063898A.jpeg\"><img loading=\"lazy\" decoding=\"async\" class=\"size-large wp-image-1928\" src=\"https:\/\/www.vulkanlandsternwarte.at\/wordpress\/wp-content\/uploads\/2019\/12\/58FFC88F-4D02-49FA-97EB-1082A063898A-612x1024.jpeg\" alt=\"\" width=\"525\" height=\"878\" srcset=\"https:\/\/www.vulkanlandsternwarte.at\/wordpress\/wp-content\/uploads\/2019\/12\/58FFC88F-4D02-49FA-97EB-1082A063898A-612x1024.jpeg 612w, https:\/\/www.vulkanlandsternwarte.at\/wordpress\/wp-content\/uploads\/2019\/12\/58FFC88F-4D02-49FA-97EB-1082A063898A-179x300.jpeg 179w, https:\/\/www.vulkanlandsternwarte.at\/wordpress\/wp-content\/uploads\/2019\/12\/58FFC88F-4D02-49FA-97EB-1082A063898A-768x1284.jpeg 768w, https:\/\/www.vulkanlandsternwarte.at\/wordpress\/wp-content\/uploads\/2019\/12\/58FFC88F-4D02-49FA-97EB-1082A063898A.jpeg 790w\" sizes=\"auto, (max-width: 525px) 100vw, 525px\" \/><\/a><figcaption id=\"caption-attachment-1928\" class=\"wp-caption-text\">M45 Plejaden<br \/>71 x 3 Minuten, ISO1600, Eos 200Da, 60mm Photoline APO F6, Montierung Ioptron Cem60.<br \/>Hannes Schmidt<\/figcaption><\/figure>\n<p>&nbsp;<\/p>\n<p><a href=\"https:\/\/www.vulkanlandsternwarte.at\/wordpress\/wp-content\/uploads\/2020\/01\/NGC5139_20190601_V1.jpg\"><img loading=\"lazy\" decoding=\"async\" class=\"alignnone size-full wp-image-2027\" src=\"https:\/\/www.vulkanlandsternwarte.at\/wordpress\/wp-content\/uploads\/2020\/01\/NGC5139_20190601_V1.jpg\" alt=\"\" width=\"5028\" height=\"3480\" srcset=\"https:\/\/www.vulkanlandsternwarte.at\/wordpress\/wp-content\/uploads\/2020\/01\/NGC5139_20190601_V1.jpg 5028w, https:\/\/www.vulkanlandsternwarte.at\/wordpress\/wp-content\/uploads\/2020\/01\/NGC5139_20190601_V1-300x208.jpg 300w, https:\/\/www.vulkanlandsternwarte.at\/wordpress\/wp-content\/uploads\/2020\/01\/NGC5139_20190601_V1-768x532.jpg 768w, https:\/\/www.vulkanlandsternwarte.at\/wordpress\/wp-content\/uploads\/2020\/01\/NGC5139_20190601_V1-1024x709.jpg 1024w\" sizes=\"auto, (max-width: 5028px) 100vw, 5028px\" \/><\/a><\/p>\n<p><span style=\"font-size: large;\"><b>N<\/b><\/span><span style=\"font-size: large;\"><b>GC 5139<\/b><\/span><span style=\"font-size: large;\">, auch Omega Centauri genannt, ist der pr\u00e4chtigste Sternhaufen am S\u00fcdhimmel. Mit einem Durchmesser von 55 Bogenminuten ist er beinahe doppelt so\u00a0<\/span><span style=\"font-size: large;\">gro\u00df wie der Mond! Die Entfernung betr\u00e4gt 17300 Lichtjahre und der Durchmesser 150 LJ<\/span><\/p>\n<p>Aufnahme: 1.6.2019 Hakos\/Namibia<br \/>\nTeleskop:\u00a0 8&#8220;Boren Simon Astrograph f2,8<br \/>\nKamera: ASI 183MM pro<br \/>\nFilter: Astronomic RGB<br \/>\n10Aufnahmen zu 120s pro Kanal<br \/>\nProzess: PixInsight<\/p>\n<p>Siegfried Hold<\/p>\n<p><a href=\"https:\/\/www.vulkanlandsternwarte.at\/wordpress\/wp-content\/uploads\/2020\/01\/NGC4755_20190603.jpg\"><img loading=\"lazy\" decoding=\"async\" class=\"alignnone size-full wp-image-1951\" src=\"https:\/\/www.vulkanlandsternwarte.at\/wordpress\/wp-content\/uploads\/2020\/01\/NGC4755_20190603.jpg\" alt=\"\" width=\"3438\" height=\"3330\" srcset=\"https:\/\/www.vulkanlandsternwarte.at\/wordpress\/wp-content\/uploads\/2020\/01\/NGC4755_20190603.jpg 3438w, https:\/\/www.vulkanlandsternwarte.at\/wordpress\/wp-content\/uploads\/2020\/01\/NGC4755_20190603-300x291.jpg 300w, https:\/\/www.vulkanlandsternwarte.at\/wordpress\/wp-content\/uploads\/2020\/01\/NGC4755_20190603-768x744.jpg 768w, https:\/\/www.vulkanlandsternwarte.at\/wordpress\/wp-content\/uploads\/2020\/01\/NGC4755_20190603-1024x992.jpg 1024w\" sizes=\"auto, (max-width: 3438px) 100vw, 3438px\" \/><\/a><\/p>\n<p><b>NGC 4755<\/b>, Herschels Schmuckk\u00e4stchen ist ein offener Sternhaufen im Sternbild Kreuz des S\u00fcdens. Nicht nur fotografisch, sondern auch visuell im Teleskop wundersch\u00f6n!<br \/>\nEntfernung 6800 Lichtjahre.<\/p>\n<p>Aufnahme: 3.6.2019 Hakos\/Namibia<br \/>\nTeleskop: 8\u2033 f2,8 Astrograph<br \/>\nKamera: ASI 183MM pro<br \/>\nFilter: Astronomic RGB<br \/>\nProzess: PixInsight<\/p>\n<p>Siegfried Hold<\/p>\n<p><a href=\"https:\/\/www.vulkanlandsternwarte.at\/wordpress\/wp-content\/uploads\/2020\/01\/NGC104_47Tuc_20190603.jpg\"><img loading=\"lazy\" decoding=\"async\" class=\"alignnone size-full wp-image-1935\" src=\"https:\/\/www.vulkanlandsternwarte.at\/wordpress\/wp-content\/uploads\/2020\/01\/NGC104_47Tuc_20190603.jpg\" alt=\"\" width=\"5496\" height=\"3672\" srcset=\"https:\/\/www.vulkanlandsternwarte.at\/wordpress\/wp-content\/uploads\/2020\/01\/NGC104_47Tuc_20190603.jpg 5496w, https:\/\/www.vulkanlandsternwarte.at\/wordpress\/wp-content\/uploads\/2020\/01\/NGC104_47Tuc_20190603-300x200.jpg 300w, https:\/\/www.vulkanlandsternwarte.at\/wordpress\/wp-content\/uploads\/2020\/01\/NGC104_47Tuc_20190603-768x513.jpg 768w, https:\/\/www.vulkanlandsternwarte.at\/wordpress\/wp-content\/uploads\/2020\/01\/NGC104_47Tuc_20190603-1024x684.jpg 1024w\" sizes=\"auto, (max-width: 5496px) 100vw, 5496px\" \/><\/a><\/p>\n<p><b>NGC104<\/b>, 47 Tucanae ist unmittelbar neben der kleinen Magellanschen Wolke am S\u00fcdhimmel zu beobachten. 47 Tuc ist mit einer Entfernung von 17100 Lichtjahren jedoch wesentlich weiter entfernt. Dieser sehr kompakte Kugelsternhaufen mit einem Durchmesser von 30,9\u2032 also in etwas so gro\u00df wie der Vollmond, ist im Zentrum besonders dicht.<\/p>\n<p>Aufnahme: 3.6.2019 Hakos\/Namibia<br \/>\nTeleskop: 8\u2033 f2,8 Astrograph<br \/>\nKamera: ASI 183MM pro<br \/>\nFilter: Astronomic RGB<br \/>\nAufnahmedaten: je 10X 30s<br \/>\nProzess: PixInsight<\/p>\n<p>Siegfried Hold<\/p>\n<p>&nbsp;<\/p>\n<p>M45\u00a0\u00a0\u00a0\u00a0\u00a0\u00a0\u00a0\u00a0\u00a0\u00a0\u00a0\u00a0\u00a0\u00a0\u00a0\u00a0\u00a0\u00a0\u00a0\u00a0\u00a0\u00a0\u00a0\u00a0\u00a0\u00a0\u00a0\u00a0\u00a0\u00a0\u00a0\u00a0\u00a0\u00a0\u00a0\u00a0\u00a0\u00a0\u00a0\u00a0\u00a0\u00a0\u00a0\u00a0\u00a0\u00a0\u00a0\u00a0\u00a0\u00a0\u00a0\u00a0\u00a0\u00a0\u00a0\u00a0\u00a0\u00a0\u00a0\u00a0\u00a0\u00a0\u00a0\u00a0\u00a0\u00a0\u00a0\u00a0\u00a0\u00a0\u00a0\u00a0\u00a0\u00a0\u00a0\u00a0\u00a0\u00a0\u00a0\u00a0\u00a0\u00a0\u00a0\u00a0\u00a0 \u00a0 \u00a0 \u00a0 \u00a0 \u00a0 \u00a0 \u00a0 \u00a0 \u00a0 \u00a0 \u00a0 \u00a0 \u00a0 \u00a0 \u00a0\u00a0 \u00a0\u00a0\u00a0\u00a0\u00a0\u00a0\u00a0\u00a0\u00a0 Siegfried Hold<\/p>\n<figure id=\"attachment_1241\" aria-describedby=\"caption-attachment-1241\" style=\"width: 3220px\" class=\"wp-caption alignnone\"><a href=\"https:\/\/www.vulkanlandsternwarte.at\/wordpress\/wp-content\/uploads\/2018\/12\/M45__20181202_V3.jpg\"><img loading=\"lazy\" decoding=\"async\" class=\"size-full wp-image-1241\" src=\"https:\/\/www.vulkanlandsternwarte.at\/wordpress\/wp-content\/uploads\/2018\/12\/M45__20181202_V3.jpg\" alt=\"\" width=\"3220\" height=\"4249\" srcset=\"https:\/\/www.vulkanlandsternwarte.at\/wordpress\/wp-content\/uploads\/2018\/12\/M45__20181202_V3.jpg 3220w, https:\/\/www.vulkanlandsternwarte.at\/wordpress\/wp-content\/uploads\/2018\/12\/M45__20181202_V3-227x300.jpg 227w, https:\/\/www.vulkanlandsternwarte.at\/wordpress\/wp-content\/uploads\/2018\/12\/M45__20181202_V3-768x1013.jpg 768w, https:\/\/www.vulkanlandsternwarte.at\/wordpress\/wp-content\/uploads\/2018\/12\/M45__20181202_V3-776x1024.jpg 776w\" sizes=\"auto, (max-width: 3220px) 100vw, 3220px\" \/><\/a><figcaption id=\"caption-attachment-1241\" class=\"wp-caption-text\"><b>Die Plejaden, auch Siebengestirn oder die 7 Schwestern genannt, sind ein offener Sternhaufen in einer Entfernung von\u00a0 444 Lichtjahren.<\/b><br \/><b>Aufnahmedatum:\u00a0 <\/b>2.12.2018<br \/><b>Teleskop: <\/b>8&#8243; Astrograph (Wuchtl)<br \/><b>Kamera: <\/b>ASI 1600MC pro<br \/><b>Filter: <\/b>Astronomic L2<br \/><b>Aufnahmedaten: <\/b>15X 300s<br \/><b>Prozess:<\/b> PixInsight<\/figcaption><\/figure>\n<p><a href=\"https:\/\/www.vulkanlandsternwarte.at\/wordpress\/wp-content\/uploads\/2018\/12\/M45__20181202_Annotated.jpg\"><img loading=\"lazy\" decoding=\"async\" class=\"alignnone size-full wp-image-1242\" src=\"https:\/\/www.vulkanlandsternwarte.at\/wordpress\/wp-content\/uploads\/2018\/12\/M45__20181202_Annotated.jpg\" alt=\"\" width=\"3220\" height=\"4249\" srcset=\"https:\/\/www.vulkanlandsternwarte.at\/wordpress\/wp-content\/uploads\/2018\/12\/M45__20181202_Annotated.jpg 3220w, https:\/\/www.vulkanlandsternwarte.at\/wordpress\/wp-content\/uploads\/2018\/12\/M45__20181202_Annotated-227x300.jpg 227w, https:\/\/www.vulkanlandsternwarte.at\/wordpress\/wp-content\/uploads\/2018\/12\/M45__20181202_Annotated-768x1013.jpg 768w, https:\/\/www.vulkanlandsternwarte.at\/wordpress\/wp-content\/uploads\/2018\/12\/M45__20181202_Annotated-776x1024.jpg 776w\" sizes=\"auto, (max-width: 3220px) 100vw, 3220px\" \/><\/a><\/p>\n<p><a href=\"https:\/\/www.vulkanlandsternwarte.at\/wordpress\/wp-content\/uploads\/2018\/12\/M45-2.jpg\"><img loading=\"lazy\" decoding=\"async\" class=\"alignnone size-large wp-image-1226\" src=\"https:\/\/www.vulkanlandsternwarte.at\/wordpress\/wp-content\/uploads\/2018\/12\/M45-2-1024x658.jpg\" alt=\"\" width=\"525\" height=\"337\" srcset=\"https:\/\/www.vulkanlandsternwarte.at\/wordpress\/wp-content\/uploads\/2018\/12\/M45-2-1024x658.jpg 1024w, https:\/\/www.vulkanlandsternwarte.at\/wordpress\/wp-content\/uploads\/2018\/12\/M45-2-300x193.jpg 300w, https:\/\/www.vulkanlandsternwarte.at\/wordpress\/wp-content\/uploads\/2018\/12\/M45-2-768x494.jpg 768w\" sizes=\"auto, (max-width: 525px) 100vw, 525px\" \/><\/a><\/p>\n<p>M45 Die Plejaden 10.11.18 Hannes Schmidt<\/p>\n<p>Belichtung 75 x 120 sec mit ISO 1600<\/p>\n<p>Instrument: 60 mm APO f6<\/p>\n<p>Bearbeitung in PixInsight<\/p>\n","protected":false},"excerpt":{"rendered":"<p>M13 &nbsp; M45 Plejaden &nbsp; NGC 5139, auch Omega Centauri genannt, ist der pr\u00e4chtigste Sternhaufen am S\u00fcdhimmel. Mit einem Durchmesser von 55 Bogenminuten ist er beinahe doppelt so\u00a0gro\u00df wie der Mond! Die Entfernung betr\u00e4gt 17300 Lichtjahre und der Durchmesser 150 LJ Aufnahme: 1.6.2019 Hakos\/Namibia Teleskop:\u00a0 8&#8220;Boren Simon Astrograph f2,8 Kamera: ASI 183MM pro Filter: Astronomic &hellip; <\/p>\n<p class=\"link-more\"><a href=\"https:\/\/www.vulkanlandsternwarte.at\/index.php\/sternhaufen\/\" class=\"more-link\">Read more<span class=\"screen-reader-text\"> &#8222;Sternhaufen&#8220;<\/span><\/a><\/p>\n","protected":false},"author":1,"featured_media":0,"parent":0,"menu_order":0,"comment_status":"closed","ping_status":"closed","template":"","meta":{"footnotes":""},"class_list":["post-1005","page","type-page","status-publish","hentry"],"_links":{"self":[{"href":"https:\/\/www.vulkanlandsternwarte.at\/index.php\/wp-json\/wp\/v2\/pages\/1005","targetHints":{"allow":["GET"]}}],"collection":[{"href":"https:\/\/www.vulkanlandsternwarte.at\/index.php\/wp-json\/wp\/v2\/pages"}],"about":[{"href":"https:\/\/www.vulkanlandsternwarte.at\/index.php\/wp-json\/wp\/v2\/types\/page"}],"author":[{"embeddable":true,"href":"https:\/\/www.vulkanlandsternwarte.at\/index.php\/wp-json\/wp\/v2\/users\/1"}],"replies":[{"embeddable":true,"href":"https:\/\/www.vulkanlandsternwarte.at\/index.php\/wp-json\/wp\/v2\/comments?post=1005"}],"version-history":[{"count":13,"href":"https:\/\/www.vulkanlandsternwarte.at\/index.php\/wp-json\/wp\/v2\/pages\/1005\/revisions"}],"predecessor-version":[{"id":2362,"href":"https:\/\/www.vulkanlandsternwarte.at\/index.php\/wp-json\/wp\/v2\/pages\/1005\/revisions\/2362"}],"wp:attachment":[{"href":"https:\/\/www.vulkanlandsternwarte.at\/index.php\/wp-json\/wp\/v2\/media?parent=1005"}],"curies":[{"name":"wp","href":"https:\/\/api.w.org\/{rel}","templated":true}]}}