{"id":1009,"date":"2018-10-04T00:04:47","date_gmt":"2018-10-03T22:04:47","guid":{"rendered":"http:\/\/www.vulkanlandsternwarte.at\/?page_id=1009"},"modified":"2020-02-03T08:00:17","modified_gmt":"2020-02-03T07:00:17","slug":"sternfelder","status":"publish","type":"page","link":"https:\/\/www.vulkanlandsternwarte.at\/index.php\/sternfelder\/","title":{"rendered":"Sternfelder"},"content":{"rendered":"<p>Sternbild Orion mit 50mm<\/p>\n<figure id=\"attachment_2067\" aria-describedby=\"caption-attachment-2067\" style=\"width: 525px\" class=\"wp-caption alignnone\"><a href=\"https:\/\/www.vulkanlandsternwarte.at\/wordpress\/wp-content\/uploads\/2020\/02\/FDD6238D-D916-4099-9E30-1D8596816179.jpeg\"><img loading=\"lazy\" decoding=\"async\" class=\"size-large wp-image-2067\" src=\"https:\/\/www.vulkanlandsternwarte.at\/wordpress\/wp-content\/uploads\/2020\/02\/FDD6238D-D916-4099-9E30-1D8596816179-683x1024.jpeg\" alt=\"\" width=\"525\" height=\"787\" srcset=\"https:\/\/www.vulkanlandsternwarte.at\/wordpress\/wp-content\/uploads\/2020\/02\/FDD6238D-D916-4099-9E30-1D8596816179-683x1024.jpeg 683w, https:\/\/www.vulkanlandsternwarte.at\/wordpress\/wp-content\/uploads\/2020\/02\/FDD6238D-D916-4099-9E30-1D8596816179-200x300.jpeg 200w, https:\/\/www.vulkanlandsternwarte.at\/wordpress\/wp-content\/uploads\/2020\/02\/FDD6238D-D916-4099-9E30-1D8596816179-768x1151.jpeg 768w\" sizes=\"auto, (max-width: 525px) 100vw, 525px\" \/><\/a><figcaption id=\"caption-attachment-2067\" class=\"wp-caption-text\">H-Alpha und RGB 13 Stunden Gesamtbelichtungszeit, ISO1600, Eos 200Da, 50mm Sigma Art F1,4 (F2,8), Montierung Ioptron Cem60.<br \/>Hannes Schmidt<\/figcaption><\/figure>\n<p>&nbsp;<\/p>\n<p>Carlifornia Nebel und Plejaden<\/p>\n<figure id=\"attachment_1836\" aria-describedby=\"caption-attachment-1836\" style=\"width: 525px\" class=\"wp-caption alignnone\"><a href=\"https:\/\/www.vulkanlandsternwarte.at\/wordpress\/wp-content\/uploads\/2019\/10\/27FA6FDE-95DE-49D0-9180-CC095B3148B6.jpeg\"><img loading=\"lazy\" decoding=\"async\" class=\"size-large wp-image-1836\" src=\"https:\/\/www.vulkanlandsternwarte.at\/wordpress\/wp-content\/uploads\/2019\/10\/27FA6FDE-95DE-49D0-9180-CC095B3148B6-1024x683.jpeg\" alt=\"\" width=\"525\" height=\"350\" srcset=\"https:\/\/www.vulkanlandsternwarte.at\/wordpress\/wp-content\/uploads\/2019\/10\/27FA6FDE-95DE-49D0-9180-CC095B3148B6-1024x683.jpeg 1024w, https:\/\/www.vulkanlandsternwarte.at\/wordpress\/wp-content\/uploads\/2019\/10\/27FA6FDE-95DE-49D0-9180-CC095B3148B6-300x200.jpeg 300w, https:\/\/www.vulkanlandsternwarte.at\/wordpress\/wp-content\/uploads\/2019\/10\/27FA6FDE-95DE-49D0-9180-CC095B3148B6-768x513.jpeg 768w\" sizes=\"auto, (max-width: 525px) 100vw, 525px\" \/><\/a><figcaption id=\"caption-attachment-1836\" class=\"wp-caption-text\">Plejaden und Karlifornianebel. 50mm F1,8 Canon, Eos 200Da, Montierung Cem60 IOptron, 15&#215;240 sec.<\/figcaption><\/figure>\n<p>&nbsp;<\/p>\n<p>Region um Schwan<\/p>\n<figure id=\"attachment_1833\" aria-describedby=\"caption-attachment-1833\" style=\"width: 525px\" class=\"wp-caption alignnone\"><a href=\"https:\/\/www.vulkanlandsternwarte.at\/wordpress\/wp-content\/uploads\/2019\/10\/C9D496A1-D8F9-4738-AD05-DDF91CF41C5C.jpeg\"><img loading=\"lazy\" decoding=\"async\" class=\"size-large wp-image-1833\" src=\"https:\/\/www.vulkanlandsternwarte.at\/wordpress\/wp-content\/uploads\/2019\/10\/C9D496A1-D8F9-4738-AD05-DDF91CF41C5C-1024x793.jpeg\" alt=\"\" width=\"525\" height=\"407\" srcset=\"https:\/\/www.vulkanlandsternwarte.at\/wordpress\/wp-content\/uploads\/2019\/10\/C9D496A1-D8F9-4738-AD05-DDF91CF41C5C-1024x793.jpeg 1024w, https:\/\/www.vulkanlandsternwarte.at\/wordpress\/wp-content\/uploads\/2019\/10\/C9D496A1-D8F9-4738-AD05-DDF91CF41C5C-300x232.jpeg 300w, https:\/\/www.vulkanlandsternwarte.at\/wordpress\/wp-content\/uploads\/2019\/10\/C9D496A1-D8F9-4738-AD05-DDF91CF41C5C-768x594.jpeg 768w, https:\/\/www.vulkanlandsternwarte.at\/wordpress\/wp-content\/uploads\/2019\/10\/C9D496A1-D8F9-4738-AD05-DDF91CF41C5C.jpeg 2048w\" sizes=\"auto, (max-width: 525px) 100vw, 525px\" \/><\/a><figcaption id=\"caption-attachment-1833\" class=\"wp-caption-text\">Sternbild Schwan. 50mm F1,8 Canon, Eos 200Da, Montierung Cem60 IOptron, 2 Bilder mit je 10&#215;240 sec.<\/figcaption><\/figure>\n<p>&nbsp;<\/p>\n<p>Region Antares<\/p>\n<figure id=\"attachment_1459\" aria-describedby=\"caption-attachment-1459\" style=\"width: 525px\" class=\"wp-caption alignnone\"><a href=\"https:\/\/www.vulkanlandsternwarte.at\/wordpress\/wp-content\/uploads\/2019\/03\/Antares.jpg\"><img loading=\"lazy\" decoding=\"async\" class=\"size-large wp-image-1459\" src=\"https:\/\/www.vulkanlandsternwarte.at\/wordpress\/wp-content\/uploads\/2019\/03\/Antares-1024x675.jpg\" alt=\"\" width=\"525\" height=\"346\" srcset=\"https:\/\/www.vulkanlandsternwarte.at\/wordpress\/wp-content\/uploads\/2019\/03\/Antares-1024x675.jpg 1024w, https:\/\/www.vulkanlandsternwarte.at\/wordpress\/wp-content\/uploads\/2019\/03\/Antares-300x198.jpg 300w, https:\/\/www.vulkanlandsternwarte.at\/wordpress\/wp-content\/uploads\/2019\/03\/Antares-768x506.jpg 768w\" sizes=\"auto, (max-width: 525px) 100vw, 525px\" \/><\/a><figcaption id=\"caption-attachment-1459\" class=\"wp-caption-text\">Hannes Schmidt<\/figcaption><\/figure>\n<p>Aufnahmedatum: 09.03.2019<br \/>\nObjektiv: 85 mm F1,4 ( F4,8) Samyang<br \/>\nKamera: Canon EOS 200D astromodifiziert<br \/>\nMontierung: IOptron SkyTracker Pro<br \/>\nAufnahmedaten: 120X 60sec<br \/>\nProzess: PixInsight<\/p>\n<p>&nbsp;<\/p>\n<figure id=\"attachment_1458\" aria-describedby=\"caption-attachment-1458\" style=\"width: 525px\" class=\"wp-caption alignnone\"><a href=\"https:\/\/www.vulkanlandsternwarte.at\/wordpress\/wp-content\/uploads\/2019\/03\/orion-neu.jpg\"><img loading=\"lazy\" decoding=\"async\" class=\"size-large wp-image-1458\" src=\"https:\/\/www.vulkanlandsternwarte.at\/wordpress\/wp-content\/uploads\/2019\/03\/orion-neu-1024x679.jpg\" alt=\"\" width=\"525\" height=\"348\" srcset=\"https:\/\/www.vulkanlandsternwarte.at\/wordpress\/wp-content\/uploads\/2019\/03\/orion-neu-1024x679.jpg 1024w, https:\/\/www.vulkanlandsternwarte.at\/wordpress\/wp-content\/uploads\/2019\/03\/orion-neu-300x199.jpg 300w, https:\/\/www.vulkanlandsternwarte.at\/wordpress\/wp-content\/uploads\/2019\/03\/orion-neu-768x509.jpg 768w\" sizes=\"auto, (max-width: 525px) 100vw, 525px\" \/><\/a><figcaption id=\"caption-attachment-1458\" class=\"wp-caption-text\">Hannes Schmidt<\/figcaption><\/figure>\n<p>Aufnahmedatum: 10.03.2019<br \/>\nObjektiv: 85 mm F1,4 ( F4,8) Samyang<br \/>\nKamera: Canon EOS 200D astromodifiziert<br \/>\nMontierung: IOptron SkyTracker Pro<br \/>\nAufnahmedaten: 192X 60sec<br \/>\nProzess: PixInsight<\/p>\n<p>&nbsp;<\/p>\n<figure id=\"attachment_1340\" aria-describedby=\"caption-attachment-1340\" style=\"width: 525px\" class=\"wp-caption alignnone\"><a href=\"https:\/\/www.vulkanlandsternwarte.at\/wordpress\/wp-content\/uploads\/2019\/01\/Orion3.jpg\"><img loading=\"lazy\" decoding=\"async\" class=\"size-large wp-image-1340\" src=\"https:\/\/www.vulkanlandsternwarte.at\/wordpress\/wp-content\/uploads\/2019\/01\/Orion3-670x1024.jpg\" alt=\"\" width=\"525\" height=\"802\" srcset=\"https:\/\/www.vulkanlandsternwarte.at\/wordpress\/wp-content\/uploads\/2019\/01\/Orion3-670x1024.jpg 670w, https:\/\/www.vulkanlandsternwarte.at\/wordpress\/wp-content\/uploads\/2019\/01\/Orion3-196x300.jpg 196w, https:\/\/www.vulkanlandsternwarte.at\/wordpress\/wp-content\/uploads\/2019\/01\/Orion3-768x1174.jpg 768w\" sizes=\"auto, (max-width: 525px) 100vw, 525px\" \/><\/a><figcaption id=\"caption-attachment-1340\" class=\"wp-caption-text\">Sternbild Orion mit seinen Sch\u00e4tzen \u00a0 \u00a0 \u00a0 \u00a0 \u00a0 \u00a0 \u00a0 \u00a0 \u00a0 \u00a0 \u00a0 \u00a0 \u00a0 \u00a0 \u00a0 \u00a0 \u00a0 \u00a0 \u00a0 \u00a0 \u00a0 \u00a0 \u00a0 \u00a0 \u00a0 \u00a0 \u00a0 \u00a0 \u00a0 \u00a0 Hannes Schmidt<\/figcaption><\/figure>\n<p>Der Gro\u00dfen Orionnebel M42 (unten) ist das hellste Objekt auf diesem Bild. Am linke G\u00fcrtelstern Alnitak befinden sich der ber\u00fchmte Pferdekopfnebel (unter dem Stern) und Flammennebel (links \u00fcber dem Stern).<\/p>\n<p>Aufnahmedatum: 26.12.2018<br \/>\nObjektiv: 85 mm F1,4 ( F4,8) Samyang<br \/>\nKamera: Canon EOS 50D unmodifiziert<br \/>\nMontierung: IOptron SkyTracker Pro<br \/>\nAufnahmedaten: 180X 60sec<br \/>\nProzess: PixInsight<\/p>\n<p>&nbsp;<\/p>\n<figure id=\"attachment_1062\" aria-describedby=\"caption-attachment-1062\" style=\"width: 525px\" class=\"wp-caption alignnone\"><a href=\"https:\/\/www.vulkanlandsternwarte.at\/wordpress\/wp-content\/uploads\/2018\/10\/Strichspur.jpeg\"><img loading=\"lazy\" decoding=\"async\" class=\"size-large wp-image-1062\" src=\"https:\/\/www.vulkanlandsternwarte.at\/wordpress\/wp-content\/uploads\/2018\/10\/Strichspur-1024x683.jpeg\" alt=\"\" width=\"525\" height=\"350\" srcset=\"https:\/\/www.vulkanlandsternwarte.at\/wordpress\/wp-content\/uploads\/2018\/10\/Strichspur-1024x683.jpeg 1024w, https:\/\/www.vulkanlandsternwarte.at\/wordpress\/wp-content\/uploads\/2018\/10\/Strichspur-300x200.jpeg 300w, https:\/\/www.vulkanlandsternwarte.at\/wordpress\/wp-content\/uploads\/2018\/10\/Strichspur-768x512.jpeg 768w, https:\/\/www.vulkanlandsternwarte.at\/wordpress\/wp-content\/uploads\/2018\/10\/Strichspur.jpeg 1280w\" sizes=\"auto, (max-width: 525px) 100vw, 525px\" \/><\/a><figcaption id=\"caption-attachment-1062\" class=\"wp-caption-text\">Sternstrichspur Vulkanlandsternwarte vom 06.04.2018 Hannes Schmidt<\/figcaption><\/figure>\n<p>Canon EOS 50D 12mm Objektiv<\/p>\n<p>197 x 30 sec ISO 800<\/p>\n<p>Erstellt in Startrails. (Freeware)<\/p>\n","protected":false},"excerpt":{"rendered":"<p>Sternbild Orion mit 50mm &nbsp; Carlifornia Nebel und Plejaden &nbsp; Region um Schwan &nbsp; Region Antares Aufnahmedatum: 09.03.2019 Objektiv: 85 mm F1,4 ( F4,8) Samyang Kamera: Canon EOS 200D astromodifiziert Montierung: IOptron SkyTracker Pro Aufnahmedaten: 120X 60sec Prozess: PixInsight &nbsp; Aufnahmedatum: 10.03.2019 Objektiv: 85 mm F1,4 ( F4,8) Samyang Kamera: Canon EOS 200D astromodifiziert Montierung: &hellip; <\/p>\n<p class=\"link-more\"><a href=\"https:\/\/www.vulkanlandsternwarte.at\/index.php\/sternfelder\/\" class=\"more-link\">Read more<span class=\"screen-reader-text\"> &#8222;Sternfelder&#8220;<\/span><\/a><\/p>\n","protected":false},"author":1,"featured_media":0,"parent":0,"menu_order":0,"comment_status":"closed","ping_status":"closed","template":"","meta":{"footnotes":""},"class_list":["post-1009","page","type-page","status-publish","hentry"],"_links":{"self":[{"href":"https:\/\/www.vulkanlandsternwarte.at\/index.php\/wp-json\/wp\/v2\/pages\/1009","targetHints":{"allow":["GET"]}}],"collection":[{"href":"https:\/\/www.vulkanlandsternwarte.at\/index.php\/wp-json\/wp\/v2\/pages"}],"about":[{"href":"https:\/\/www.vulkanlandsternwarte.at\/index.php\/wp-json\/wp\/v2\/types\/page"}],"author":[{"embeddable":true,"href":"https:\/\/www.vulkanlandsternwarte.at\/index.php\/wp-json\/wp\/v2\/users\/1"}],"replies":[{"embeddable":true,"href":"https:\/\/www.vulkanlandsternwarte.at\/index.php\/wp-json\/wp\/v2\/comments?post=1009"}],"version-history":[{"count":14,"href":"https:\/\/www.vulkanlandsternwarte.at\/index.php\/wp-json\/wp\/v2\/pages\/1009\/revisions"}],"predecessor-version":[{"id":2074,"href":"https:\/\/www.vulkanlandsternwarte.at\/index.php\/wp-json\/wp\/v2\/pages\/1009\/revisions\/2074"}],"wp:attachment":[{"href":"https:\/\/www.vulkanlandsternwarte.at\/index.php\/wp-json\/wp\/v2\/media?parent=1009"}],"curies":[{"name":"wp","href":"https:\/\/api.w.org\/{rel}","templated":true}]}}