{"id":112,"date":"2015-12-23T18:45:50","date_gmt":"2015-12-23T17:45:50","guid":{"rendered":"http:\/\/www.vulkanlandsternwarte.at\/wordpress\/?page_id=112"},"modified":"2026-04-16T19:38:14","modified_gmt":"2026-04-16T17:38:14","slug":"kontakt","status":"publish","type":"page","link":"https:\/\/www.vulkanlandsternwarte.at\/index.php\/kontakt\/","title":{"rendered":"Kontakt \/ F\u00fchrungen"},"content":{"rendered":"<h2><span style=\"color: #3366ff;\"><span style=\"color: #ff0000;\"><span style=\"color: #3366ff;\">Anmeldungen und wichtige Infos:<\/span><\/span><\/span><\/h2>\n<p style=\"padding-left: 40px;\">Achtung: F\u00fchrungsbeginn ist nicht immer an der Sternwarte! <strong>Bitte Ort auf der Anmeldeseite beachten!<\/strong><br \/>Siehe auch &#8222;Wichtige Informationen&#8220; weiter unten! (Interessentenliste, Preise, K\u00e4lte\/Kleidung, Abmeldung)<br \/>Mit Mobilit\u00e4tseinschr\u00e4nkung ist die Teleskopkuppel leider nicht betretbar (Wendeltreppe) <br \/>Bitte um Kontaktaufnahme bzgl. alternativer M\u00f6glichkeiten!<\/p>\n<p><strong>N\u00e4chste \u00f6ffentliche F\u00fchrung (Bildvortrag\/Kurzvortrag + Beobachtung am Teleskop, wetterabh\u00e4ngig):<\/strong><\/p>\n<p style=\"padding-left: 40px;\"><strong>Donnerstag 30. April 2026:\u00a0<\/strong><br \/><a href=\"https:\/\/lets-meet.org\/reg\/41a70e5a81d053281b\">erster Slot mit start 20:30<\/a><br \/><a href=\"https:\/\/lets-meet.org\/reg\/12073ab8dbe7234eaa\">zweiter Slot mit Start um 21:30<\/a><\/p>\n<p>Achtung: F\u00fchrungsbeginn ist nicht immer an der Sternwarte! <strong>Bitte Ort auf der Anmeldeseite beachten!<\/strong><br \/>Siehe auch &#8222;Wichtige Informationen&#8220; weiter unten! (Interessentenliste, Preise, K\u00e4lte\/Kleidung, Abmeldung)<br \/>Mit Mobilit\u00e4tseinschr\u00e4nkung ist die Teleskopkuppel leider nicht betretbar (Wendeltreppe)<br \/>Bitte um Kontaktaufnahme bzgl. alternativer M\u00f6glichkeiten!<\/p>\n<p><strong>Planetariumsvorf\u00fchrungen:<\/strong><\/p>\n<p>Das Planetarium musste f\u00fcr April leider abgesagt werden.<br \/>Wir planen derzeit einen Termin im Mai.\u00a0<\/p>\n<p><strong>N\u00e4chster freier Beboachtungsabend (ohne Vortrag, gef\u00fchrtes Beobachten, wetterabh\u00e4ngig):<\/strong><\/p>\n<p>Neu: Bei passender Mondphase steht unser Teleskop zwei Stunden f\u00fcr freies Beobachtung von Mond und etwaigen Planeten bereit. Ideal f\u00fcr Kinder \u2013 ohne Vortrag, aber ebenso f\u00fcr alle anderen Altersgruppen geeignet! <br \/>Kostenbeitrag: freiwillige Spende<\/p>\n<p style=\"padding-left: 40px;\"><strong>24. April 2026:<\/strong><br \/><a href=\"https:\/\/lets-meet.org\/reg\/43463e8a6a0fb4ec51\">Anmeldung Beobachtungsabend 20:00 &#8211;\u00a0 Mobile Sternwarte im Stadtpark Gleisdorf<\/a><\/p>\n<p><strong>Wichtige Informationen:<\/strong><br \/>Wir bitten auch darum ihre Anmeldung zur\u00fcckzuziehen, sollten Sie doch nicht erscheinen k\u00f6nnen.<br \/>Das klappt mittels der Links im Best\u00e4tigungsmail. Danke!<\/p>\n<p>Neue Termine erscheinen stets ein paar Tage nach dem Stattfinden des vorhergehenden. <br \/>F\u00fcr sp\u00e4tere Termine also bitte regelm\u00e4\u00dfig diese Webseite aufsuchen, oder sich in unsere <a href=\"https:\/\/www.vulkanlandsternwarte.at\/index.php\/6488-2\/\">Interessentenliste <\/a>eintragen, um \u00fcber neue Termine via Email informiert zu werden!<strong> (bitte gleich nach dem Anmelden den Spam Ordner kontrollieren und gegebenenfalls den Absender unserer Anmeldebest\u00e4tigung zulassen!)<\/strong><span style=\"color: #ff0000;\"><em><br \/><\/em><\/span>Zum Abmelden vom Emailverteiler <a href=\"https:\/\/www.vulkanlandsternwarte.at\/index.php\/abmeldung\/\">bitte hier klicken<\/a>, oder dem Link im letzten Email folgen.<\/p>\n\n\n<hr class=\"wp-block-separator has-alpha-channel-opacity\"\/>\n\n\n<p><span style=\"color: #ff6600;\">Achtung: Die F\u00fchrungen machen wenig Spa\u00df wenn Sie frieren! In den Herbst, Winter und Fr\u00fchlingszeiten unbedingt auf sehr warme Kleidung achten. Wir sind mindestens 60min im Freien.\u00a0<\/span><\/p>\n\n\n<hr class=\"wp-block-separator has-alpha-channel-opacity\"\/>\n\n\n<p><span style=\"font-size: 1rem;\">\u00d6ffentliche F\u00fchrungen finden typischerweise <strong>f<\/strong><\/span><strong style=\"font-size: 1rem;\">reitags<\/strong><span style=\"font-size: 1rem;\"> nach Einbruch der Dunkelheit statt und beginnen mit einem ca. 45 min\u00fctigen Vortrag. Im Anschluss folgt dann die Beobachtung an der Sternwarte mit unserem Teleskop. Gesamtdauer min. 2h. <br \/>An Tagen um den Vollmond und bei Schlechtwetter (Wolken, Nebel) finden keine F\u00fchrungen statt!<\/span><\/p>\n<p>Sie werden via Mail \u00fcber Verschiebungen und Absagen informiert (typischerweise 24h vor F\u00fchrungsbeginn).<\/p>\n<ul>\n<li><strong>Einzelpreis<\/strong>: 8 \u20ac (Erwachsene), 5 \u20ac (schulpflichtige Kinder)<\/li>\n<li><strong>Private bzw. Gruppenf\u00fchrungen<\/strong> sind auch an anderen Abenden m\u00f6glich!\n<ul>\n<li>Inkl. 10 Personen: 60 \u20ac; je weitere Person: 6 \u20ac, Kind: 4 \u20ac<\/li>\n<\/ul>\n<\/li>\n<\/ul>\n<p>Die F\u00fchrungen beginnen nicht immer direkt bei der Sternwarte, siehe Veranstaltungsort bei der Anmeldung.<\/p>\n\n\n<hr class=\"wp-block-separator has-alpha-channel-opacity\"\/>\n\n\n\n<p><span style=\"color: #ff6600;\"><em>Hinweis: Es stehen derzeit keine Sanit\u00e4ranlagen auf der Sternwarte zur Verf\u00fcgung!<br>Die Heurigenschenke nebenan hat permanent geschlossen.<\/em><\/span><\/p>\n\n\n\n<hr class=\"wp-block-separator has-alpha-channel-opacity\"\/>\n\n\n<p>Bei Interesse am <strong>Verein<\/strong> oder <strong>Fragen<\/strong> wenden Sie sich bitte an unsere Mailadresse:<br \/><img loading=\"lazy\" decoding=\"async\" class=\"alignnone wp-image-6126\" src=\"https:\/\/www.vulkanlandsternwarte.at\/wordpress\/wp-content\/uploads\/2024\/08\/E-Mail-Adresse.jpg\" alt=\"\" width=\"287\" height=\"26\" srcset=\"https:\/\/www.vulkanlandsternwarte.at\/wordpress\/wp-content\/uploads\/2024\/08\/E-Mail-Adresse.jpg 705w, https:\/\/www.vulkanlandsternwarte.at\/wordpress\/wp-content\/uploads\/2024\/08\/E-Mail-Adresse-300x27.jpg 300w\" sizes=\"auto, (max-width: 287px) 100vw, 287px\" \/><\/p>\n<p>Wir sind auch unregelm\u00e4\u00dfig telefonisch erreichbar, rufen Sie aber gerne zur\u00fcck:<br \/><img loading=\"lazy\" decoding=\"async\" class=\"alignnone wp-image-6127\" src=\"https:\/\/www.vulkanlandsternwarte.at\/wordpress\/wp-content\/uploads\/2024\/08\/TelefonNummer-300x55.jpg\" alt=\"\" width=\"142\" height=\"26\" srcset=\"https:\/\/www.vulkanlandsternwarte.at\/wordpress\/wp-content\/uploads\/2024\/08\/TelefonNummer-300x55.jpg 300w, https:\/\/www.vulkanlandsternwarte.at\/wordpress\/wp-content\/uploads\/2024\/08\/TelefonNummer.jpg 348w\" sizes=\"auto, (max-width: 142px) 100vw, 142px\" \/><\/p>","protected":false},"excerpt":{"rendered":"<p>Anmeldungen und wichtige Infos: Achtung: F\u00fchrungsbeginn ist nicht immer an der Sternwarte! Bitte Ort auf der Anmeldeseite beachten!Siehe auch &#8222;Wichtige Informationen&#8220; weiter unten! (Interessentenliste, Preise, K\u00e4lte\/Kleidung, Abmeldung)Mit Mobilit\u00e4tseinschr\u00e4nkung ist die Teleskopkuppel leider nicht betretbar (Wendeltreppe) Bitte um Kontaktaufnahme bzgl. alternativer M\u00f6glichkeiten! N\u00e4chste \u00f6ffentliche F\u00fchrung (Bildvortrag\/Kurzvortrag + Beobachtung am Teleskop, wetterabh\u00e4ngig): Donnerstag 30. April 2026:\u00a0erster Slot &hellip; <\/p>\n<p class=\"link-more\"><a href=\"https:\/\/www.vulkanlandsternwarte.at\/index.php\/kontakt\/\" class=\"more-link\">Read more<span class=\"screen-reader-text\"> &#8222;Kontakt \/ F\u00fchrungen&#8220;<\/span><\/a><\/p>\n","protected":false},"author":1,"featured_media":0,"parent":0,"menu_order":0,"comment_status":"closed","ping_status":"closed","template":"","meta":{"footnotes":""},"class_list":["post-112","page","type-page","status-publish","hentry"],"_links":{"self":[{"href":"https:\/\/www.vulkanlandsternwarte.at\/index.php\/wp-json\/wp\/v2\/pages\/112","targetHints":{"allow":["GET"]}}],"collection":[{"href":"https:\/\/www.vulkanlandsternwarte.at\/index.php\/wp-json\/wp\/v2\/pages"}],"about":[{"href":"https:\/\/www.vulkanlandsternwarte.at\/index.php\/wp-json\/wp\/v2\/types\/page"}],"author":[{"embeddable":true,"href":"https:\/\/www.vulkanlandsternwarte.at\/index.php\/wp-json\/wp\/v2\/users\/1"}],"replies":[{"embeddable":true,"href":"https:\/\/www.vulkanlandsternwarte.at\/index.php\/wp-json\/wp\/v2\/comments?post=112"}],"version-history":[{"count":165,"href":"https:\/\/www.vulkanlandsternwarte.at\/index.php\/wp-json\/wp\/v2\/pages\/112\/revisions"}],"predecessor-version":[{"id":7488,"href":"https:\/\/www.vulkanlandsternwarte.at\/index.php\/wp-json\/wp\/v2\/pages\/112\/revisions\/7488"}],"wp:attachment":[{"href":"https:\/\/www.vulkanlandsternwarte.at\/index.php\/wp-json\/wp\/v2\/media?parent=112"}],"curies":[{"name":"wp","href":"https:\/\/api.w.org\/{rel}","templated":true}]}}