{"id":34,"date":"2015-09-18T20:11:33","date_gmt":"2015-09-18T18:11:33","guid":{"rendered":"http:\/\/www.vulkanlandsternwarte.at\/wordpress\/?page_id=34"},"modified":"2026-03-27T10:11:34","modified_gmt":"2026-03-27T09:11:34","slug":"planetenwanderweg","status":"publish","type":"page","link":"https:\/\/www.vulkanlandsternwarte.at\/index.php\/planetenwanderweg\/","title":{"rendered":"Planetenwanderweg"},"content":{"rendered":"<p>Die Gemeinde Auersbach errichtete mit technischer Unterst\u00fctzung des Astroclub Auersbach einen Wanderweg der besonderen Art. Ziel des Planetenwanderweges war die gewaltigen Entfernungen im Sonnensystem anschaulich darzustellen.<\/p>\n<p>Realisiert wurde dieses Projekt anhand eines Workcamps mit Jugendlichen aus 9 Nationen und aus der Region.<\/p>\n<p>Die Entfernungen im Weltraum sind gewaltig. Die Erde ist zum Beispiel 150 Millionen Kilometer (!!) von der Sonne entfernt. Die Entfernung zum \u00e4u\u00dfersten Planeten Pluto betr\u00e4gt sogar knapp 6 Milliarden Kilometer (!!).<\/p>\n<p>Diese Distanzen \u00fcbersteigen unseren Erfahrungshorizont. Um diese gewaltigen Entfernungen begehbar zu machen mussten wir unser Sonnensystem 1:1 Milliarde verkleinern. In diesem Ma\u00dfstab ist unser Heimatplanet nur 1,3cm gro\u00df, der Mond hat einen Durchmesser von nur 3mm und ist 38cm von der Erde entfernt.<\/p>\n<p>Im Vergleich dazu hat die Sonne immer noch eine stattliche Gr\u00f6\u00dfe von 1,4m. Wenn man mit normaler Schrittgeschwindigkeit den Weg entlangwandert, bewegt man sich im Ma\u00dfstab mit doppelter Lichtgeschwindigkeit durchs Sonnensystem.<\/p>\n<p>Die gesamte L\u00e4nge des Wanderweges von der Sonne zum Pluto betr\u00e4gt 5,9km. Der n\u00e4chste Stern. Proxima Centauri, w\u00e4re in diesem Ma\u00dfstab 40.000km von uns entfernt!! Der Weg beginnt direkt bei der Vulkanlandsternwarte in Auersbach, die 1,4m gro\u00dfe Sonne steht neben der Sternwartenkuppel.<\/p>\n<p>Den GPS track finden Sie hier auf <a href=\"https:\/\/out.ac\/IeKPVV\">Outdooractive<\/a>.<\/p>\n<p>Von der Sonne ausgehend geht der Weg um die Heurigenschenke Ehrenh\u00f6fer herum. Merkur steht beim Kellerst\u00f6ckl, Venus befindet sich direkt vorm Heurigeneingang und die Erde am Heurigenparkplatz. Mars ist am Rande des Parkplatzes zu finden. Der Weg f\u00fchrt weiter den Rosenberg hinunter (am halben Weg hinunter befindet sich Jupiter). Die Wanderroute f\u00fchrt dann durch Wieden (Saturn gegen\u00fcber dem Innovationszentrum). Weiters durch Wetzelsdorf, in Richtung Kleinwalkersdorf, wo sich Uranus befindet.<br \/>\n\u00dcber Schloss Kornbergsiedlung wandert man zu Neptun, welcher sich ein St\u00fcck vor Schloss Kornberg befindet. Am Schloss vorbei f\u00fchrt der Weg zum Zwergplaneten Pluto, ein Beispiel eines transneptunischen Objekts. Er befindet sich an der Kreuzung Schloss Kornberg, Riegersburg, Auersbach von Feldbach kommend.<br \/>\nDer Weg besteht aus 10 Stationen (8 Planeten, Pluto und Sonne). Die Planeten sind als Relief in Bronze gegossen und mit Blindenschrift versehen.<\/p>\n<p>Bei jeder Station befindet sich eine Infotafel mit Daten und Bildern zu den jeweiligen Gestirnen.<\/p>\n<p>Wir glauben, dass wir durch diesen Wanderweg, durch unsere sch\u00f6ne Heimat ein weiteres Ausflugsziel errichtet haben, das viele Besucher faszinieren wird.<\/p>\n<p>Au\u00dferdem wird jeder, der diesen Weg begeht eine andere Sicht auf unseren kleinen, blauen Planeten haben.<\/p>\n<div id=\"grid-gallery-1-87082\" data-gg-id=\"1\" data-title=\"Planetenwanderweg\" data-grid-type=\"0\" data-offset=\"5.3\" data-area-position=\"center\" data-icons=\"\" data-preloader=\"true\" data-width=\"215\" data-height=\"215\" data-padding=\"0\" data-quicksand=\"disabled\" data-quicksand-duration=\"none\" data-popup-theme=\"theme_7\" data-popup-type=\"colorbox\" data-popup-fadeOut=\"300\" data-popup-image-text=\"data-caption\" data-popup-widthsize=\"auto\" data-popup-heightsize=\"auto\" data-popup-i18n-words=\"{&quot;close&quot;:&quot;close&quot;,&quot;next&quot;:&quot;next&quot;,&quot;previous&quot;:&quot;previous&quot;,&quot;start_slideshow&quot;:&quot;start slideshow&quot;,&quot;stop_slideshow&quot;:&quot;stop slideshow&quot;,&quot;image&quot;:&quot;image&quot;,&quot;of&quot;:&quot;of&quot;,&quot;prev&quot;:&quot;prev&quot;,&quot;cExpand&quot;:&quot;Expand&quot;,&quot;cPrevious&quot;:&quot;Previous&quot;,&quot;cNext&quot;:&quot;Next&quot;,&quot;cExpandStr&quot;:&quot;Expand the image&quot;,&quot;cRotate&quot;:&quot;Rotate&quot;,&quot;cDetails&quot;:&quot;Details&quot;}\" data-popup-slideshow=\"false\" data-popup-slideshow-speed=\"2500\" data-popup-hoverstop=\"false\" data-popup-slideshow-auto=\"false\" data-popup-background=\"\" data-popup-transparency=\"30\" data-popup-disable-history=\"\" data-popup-disable-changed-url=\"\" data-popup-border-type=\"\" data-popup-border-color=\"\" data-popup-border-width=\"\" data-popup-border-enable=\"\" data-fullscreen=\"true\" data-hide-tooltip=\"false\" data-caption-font-family=\"Default\" data-caption-text-size=\"140\" data-is-mobile=\"0\" data-caption-mobile=\"false\" data-hide-long-tltp-title=\"0\" data-caption-disabled-on-mobile=\"false\" data-popup-placement-type=\"0\" data-social-sharing=\"{&quot;enabled&quot;:&quot;&quot;,&quot;gallerySharing&quot;:{&quot;enabled&quot;:null,&quot;position&quot;:null},&quot;imageSharing&quot;:{&quot;enabled&quot;:null,&quot;wrapperClass&quot;:&quot; vertical &quot;},&quot;popupSharing&quot;:{&quot;enabled&quot;:null,&quot;wrapperClass&quot;:&quot; vertical &quot;}}\" class=\"grid-gallery grid-gallery-fixed \" style=\" width:100%; height:auto; margin-left:auto; margin-right:auto;position:relative;\"> <div class=\"gallery-loading\"> <div class=\"blocks\"> <div class=\"block\"><\/div> <div class=\"block\"><\/div> <div class=\"block\"><\/div> <div class=\"block\"><\/div> <\/div> <\/div> <div class=\"gallery-sharing-top\" style=\"display:none;\"> <\/div> <div id=\"photos-1\" class=\"grid-gallery-photos\"><FIGURE class=\"grid-gallery-caption\" data-grid-gallery-type=\"quarter-slide-up\" data-index=\"0\" style=\"display:none;border-radius:00;; margin:5.3px; width:2150;\" ><div class=\"crop\" style=\" width:2150; height:2150; overflow:hidden;\"><img decoding=\"async\" src=\"https:\/\/www.vulkanlandsternwarte.at\/wordpress\/wp-content\/uploads\/2015\/09\/IMG_0696-215x215.jpg\" class=\"ggImg\" alt=\"IMG_0696\" title=\"IMG_0696\" data-description=\"IMG_0696\" data-caption=\"5m Hauptkuppel\" data-title=\"IMG_0696\" style=\" width:215px; height:215px;\" \/><\/div><FIGCAPTION class=\"\" data-alpha=\"5\" style=\"color:#ffffff; background-color:#6f0000; font-size:140; text-align:left; font-family:Default;\" ><div class=\"grid-gallery-figcaption-wrap\" style=\"\"><\/div><\/FIGCAPTION><\/FIGURE><FIGURE class=\"grid-gallery-caption\" data-grid-gallery-type=\"quarter-slide-up\" data-index=\"1\" style=\"display:none;border-radius:00;; margin:5.3px; width:2150;\" ><div class=\"crop\" style=\" width:2150; height:2150; overflow:hidden;\"><img decoding=\"async\" src=\"https:\/\/www.vulkanlandsternwarte.at\/wordpress\/wp-content\/uploads\/2015\/09\/IMG_0695-215x215.jpg\" class=\"ggImg\" alt=\"IMG_0695\" title=\"IMG_0695\" data-description=\"IMG_0695\" data-caption=\"Sonnenstation bei der Hauptkuppel\" data-title=\"IMG_0695\" style=\" width:215px; height:215px;\" \/><\/div><FIGCAPTION class=\"\" data-alpha=\"5\" style=\"color:#ffffff; background-color:#6f0000; font-size:140; text-align:left; font-family:Default;\" ><div class=\"grid-gallery-figcaption-wrap\" style=\"\"><\/div><\/FIGCAPTION><\/FIGURE><FIGURE class=\"grid-gallery-caption\" data-grid-gallery-type=\"quarter-slide-up\" data-index=\"2\" style=\"display:none;border-radius:00;; margin:5.3px; width:2150;\" ><div class=\"crop\" style=\" width:2150; height:2150; overflow:hidden;\"><img decoding=\"async\" src=\"https:\/\/www.vulkanlandsternwarte.at\/wordpress\/wp-content\/uploads\/2015\/09\/IMG_0697-215x215.jpg\" class=\"ggImg\" alt=\"IMG_0697\" title=\"IMG_0697\" data-description=\"IMG_0697\" data-caption=\"Sonnenuhr\" data-title=\"IMG_0697\" style=\" width:215px; height:215px;\" \/><\/div><FIGCAPTION class=\"\" data-alpha=\"5\" style=\"color:#ffffff; background-color:#6f0000; font-size:140; text-align:left; font-family:Default;\" ><div class=\"grid-gallery-figcaption-wrap\" style=\"\"><\/div><\/FIGCAPTION><\/FIGURE><FIGURE class=\"grid-gallery-caption\" data-grid-gallery-type=\"quarter-slide-up\" data-index=\"3\" style=\"display:none;border-radius:00;; margin:5.3px; width:2150;\" ><div class=\"crop\" style=\" width:2150; height:2150; overflow:hidden;\"><img decoding=\"async\" src=\"https:\/\/www.vulkanlandsternwarte.at\/wordpress\/wp-content\/uploads\/2015\/09\/IMG_0699-215x215.jpg\" class=\"ggImg\" alt=\"IMG_0699\" title=\"IMG_0699\" data-description=\"IMG_0699\" data-caption=\"Merkur\" data-title=\"IMG_0699\" style=\" width:215px; height:215px;\" \/><\/div><FIGCAPTION class=\"\" data-alpha=\"5\" style=\"color:#ffffff; background-color:#6f0000; font-size:140; text-align:left; font-family:Default;\" ><div class=\"grid-gallery-figcaption-wrap\" style=\"\"><\/div><\/FIGCAPTION><\/FIGURE><FIGURE class=\"grid-gallery-caption\" data-grid-gallery-type=\"quarter-slide-up\" data-index=\"4\" style=\"display:none;border-radius:00;; margin:5.3px; width:2150;\" ><div class=\"crop\" style=\" width:2150; height:2150; overflow:hidden;\"><img decoding=\"async\" src=\"https:\/\/www.vulkanlandsternwarte.at\/wordpress\/wp-content\/uploads\/2015\/09\/IMG_0698-215x215.jpg\" class=\"ggImg\" alt=\"IMG_0698\" title=\"IMG_0698\" data-description=\"IMG_0698\" data-caption=\"Merkur\" data-title=\"IMG_0698\" style=\" width:215px; height:215px;\" \/><\/div><FIGCAPTION class=\"\" data-alpha=\"5\" style=\"color:#ffffff; background-color:#6f0000; font-size:140; text-align:left; font-family:Default;\" ><div class=\"grid-gallery-figcaption-wrap\" style=\"\"><\/div><\/FIGCAPTION><\/FIGURE><FIGURE class=\"grid-gallery-caption\" data-grid-gallery-type=\"quarter-slide-up\" data-index=\"5\" style=\"display:none;border-radius:00;; margin:5.3px; width:2150;\" ><div class=\"crop\" style=\" width:2150; height:2150; overflow:hidden;\"><img decoding=\"async\" src=\"https:\/\/www.vulkanlandsternwarte.at\/wordpress\/wp-content\/uploads\/2015\/09\/IMG_0701-215x215.jpg\" class=\"ggImg\" alt=\"IMG_0701\" title=\"IMG_0701\" data-description=\"IMG_0701\" data-caption=\"Venus\" data-title=\"IMG_0701\" style=\" width:215px; height:215px;\" \/><\/div><FIGCAPTION class=\"\" data-alpha=\"5\" style=\"color:#ffffff; background-color:#6f0000; font-size:140; text-align:left; font-family:Default;\" ><div class=\"grid-gallery-figcaption-wrap\" style=\"\"><\/div><\/FIGCAPTION><\/FIGURE><FIGURE class=\"grid-gallery-caption\" data-grid-gallery-type=\"quarter-slide-up\" data-index=\"6\" style=\"display:none;border-radius:00;; margin:5.3px; width:2150;\" ><div class=\"crop\" style=\" width:2150; height:2150; overflow:hidden;\"><img decoding=\"async\" src=\"https:\/\/www.vulkanlandsternwarte.at\/wordpress\/wp-content\/uploads\/2015\/09\/IMG_0703-215x215.jpg\" class=\"ggImg\" alt=\"IMG_0703\" title=\"IMG_0703\" data-description=\"IMG_0703\" data-caption=\"Erde\" data-title=\"IMG_0703\" style=\" width:215px; height:215px;\" \/><\/div><FIGCAPTION class=\"\" data-alpha=\"5\" style=\"color:#ffffff; background-color:#6f0000; font-size:140; text-align:left; font-family:Default;\" ><div class=\"grid-gallery-figcaption-wrap\" style=\"\"><\/div><\/FIGCAPTION><\/FIGURE><FIGURE class=\"grid-gallery-caption\" data-grid-gallery-type=\"quarter-slide-up\" data-index=\"7\" style=\"display:none;border-radius:00;; margin:5.3px; width:2150;\" ><div class=\"crop\" style=\" width:2150; height:2150; overflow:hidden;\"><img decoding=\"async\" src=\"https:\/\/www.vulkanlandsternwarte.at\/wordpress\/wp-content\/uploads\/2015\/09\/IMG_0704-215x215.jpg\" class=\"ggImg\" alt=\"IMG_0704\" title=\"IMG_0704\" data-description=\"IMG_0704\" data-caption=\"Erde\" data-title=\"IMG_0704\" style=\" width:215px; height:215px;\" \/><\/div><FIGCAPTION class=\"\" data-alpha=\"5\" style=\"color:#ffffff; background-color:#6f0000; font-size:140; text-align:left; font-family:Default;\" ><div class=\"grid-gallery-figcaption-wrap\" style=\"\"><\/div><\/FIGCAPTION><\/FIGURE><FIGURE class=\"grid-gallery-caption\" data-grid-gallery-type=\"quarter-slide-up\" data-index=\"8\" style=\"display:none;border-radius:00;; margin:5.3px; width:2150;\" ><div class=\"crop\" style=\" width:2150; height:2150; overflow:hidden;\"><img decoding=\"async\" src=\"https:\/\/www.vulkanlandsternwarte.at\/wordpress\/wp-content\/uploads\/2015\/09\/IMG_0707-215x215.jpg\" class=\"ggImg\" alt=\"IMG_0707\" title=\"IMG_0707\" data-description=\"IMG_0707\" data-caption=\"Mars\" data-title=\"IMG_0707\" style=\" width:215px; height:215px;\" \/><\/div><FIGCAPTION class=\"\" data-alpha=\"5\" style=\"color:#ffffff; background-color:#6f0000; font-size:140; text-align:left; font-family:Default;\" ><div class=\"grid-gallery-figcaption-wrap\" style=\"\"><\/div><\/FIGCAPTION><\/FIGURE><FIGURE class=\"grid-gallery-caption\" data-grid-gallery-type=\"quarter-slide-up\" data-index=\"9\" style=\"display:none;border-radius:00;; margin:5.3px; width:2150;\" ><div class=\"crop\" style=\" width:2150; height:2150; overflow:hidden;\"><img decoding=\"async\" src=\"https:\/\/www.vulkanlandsternwarte.at\/wordpress\/wp-content\/uploads\/2015\/09\/IMG_0709-215x215.jpg\" class=\"ggImg\" alt=\"IMG_0709\" title=\"IMG_0709\" data-description=\"IMG_0709\" data-caption=\"Jupiter\" data-title=\"IMG_0709\" style=\" width:215px; height:215px;\" \/><\/div><FIGCAPTION class=\"\" data-alpha=\"5\" style=\"color:#ffffff; background-color:#6f0000; font-size:140; text-align:left; font-family:Default;\" ><div class=\"grid-gallery-figcaption-wrap\" style=\"\"><\/div><\/FIGCAPTION><\/FIGURE><FIGURE class=\"grid-gallery-caption\" data-grid-gallery-type=\"quarter-slide-up\" data-index=\"10\" style=\"display:none;border-radius:00;; margin:5.3px; width:2150;\" ><div class=\"crop\" style=\" width:2150; height:2150; overflow:hidden;\"><img decoding=\"async\" src=\"https:\/\/www.vulkanlandsternwarte.at\/wordpress\/wp-content\/uploads\/2015\/09\/IMG_0710-215x215.jpg\" class=\"ggImg\" alt=\"IMG_0710\" title=\"IMG_0710\" data-description=\"IMG_0710\" data-caption=\"Einfahrtshinweisen am Fu\u00dfe des Rosenbergs\" data-title=\"IMG_0710\" style=\" width:215px; height:215px;\" \/><\/div><FIGCAPTION class=\"\" data-alpha=\"5\" style=\"color:#ffffff; background-color:#6f0000; font-size:140; text-align:left; font-family:Default;\" ><div class=\"grid-gallery-figcaption-wrap\" style=\"\"><\/div><\/FIGCAPTION><\/FIGURE><FIGURE class=\"grid-gallery-caption\" data-grid-gallery-type=\"quarter-slide-up\" data-index=\"11\" style=\"display:none;border-radius:00;; margin:5.3px; width:2150;\" ><div class=\"crop\" style=\" width:2150; height:2150; overflow:hidden;\"><img decoding=\"async\" src=\"https:\/\/www.vulkanlandsternwarte.at\/wordpress\/wp-content\/uploads\/2015\/09\/IMG_0711-215x215.jpg\" class=\"ggImg\" alt=\"IMG_0711\" title=\"IMG_0711\" data-description=\"IMG_0711\" data-caption=\"Saturn\" data-title=\"IMG_0711\" style=\" width:215px; height:215px;\" \/><\/div><FIGCAPTION class=\"\" data-alpha=\"5\" style=\"color:#ffffff; background-color:#6f0000; font-size:140; text-align:left; font-family:Default;\" ><div class=\"grid-gallery-figcaption-wrap\" style=\"\"><\/div><\/FIGCAPTION><\/FIGURE><FIGURE class=\"grid-gallery-caption\" data-grid-gallery-type=\"quarter-slide-up\" data-index=\"12\" style=\"display:none;border-radius:00;; margin:5.3px; width:2150;\" ><div class=\"crop\" style=\" width:2150; height:2150; overflow:hidden;\"><img decoding=\"async\" src=\"https:\/\/www.vulkanlandsternwarte.at\/wordpress\/wp-content\/uploads\/2015\/09\/IMG_0713-215x215.jpg\" class=\"ggImg\" alt=\"IMG_0713\" title=\"IMG_0713\" data-description=\"IMG_0713\" data-caption=\"Uranus\" data-title=\"IMG_0713\" style=\" width:215px; height:215px;\" \/><\/div><FIGCAPTION class=\"\" data-alpha=\"5\" style=\"color:#ffffff; background-color:#6f0000; font-size:140; text-align:left; font-family:Default;\" ><div class=\"grid-gallery-figcaption-wrap\" style=\"\"><\/div><\/FIGCAPTION><\/FIGURE><FIGURE class=\"grid-gallery-caption\" data-grid-gallery-type=\"quarter-slide-up\" data-index=\"13\" style=\"display:none;border-radius:00;; margin:5.3px; width:2150;\" ><div class=\"crop\" style=\" width:2150; height:2150; overflow:hidden;\"><img decoding=\"async\" src=\"https:\/\/www.vulkanlandsternwarte.at\/wordpress\/wp-content\/uploads\/2015\/09\/IMG_0717-215x215.jpg\" class=\"ggImg\" alt=\"IMG_0717\" title=\"IMG_0717\" data-description=\"IMG_0717\" data-caption=\"Neptun\" data-title=\"IMG_0717\" style=\" width:215px; height:215px;\" \/><\/div><FIGCAPTION class=\"\" data-alpha=\"5\" style=\"color:#ffffff; background-color:#6f0000; font-size:140; text-align:left; font-family:Default;\" ><div class=\"grid-gallery-figcaption-wrap\" style=\"\"><\/div><\/FIGCAPTION><\/FIGURE><FIGURE class=\"grid-gallery-caption\" data-grid-gallery-type=\"quarter-slide-up\" data-index=\"14\" style=\"display:none;border-radius:00;; margin:5.3px; width:2150;\" ><div class=\"crop\" style=\" width:2150; height:2150; overflow:hidden;\"><img decoding=\"async\" src=\"https:\/\/www.vulkanlandsternwarte.at\/wordpress\/wp-content\/uploads\/2015\/09\/IMG_0715-215x215.jpg\" class=\"ggImg\" alt=\"IMG_0715\" title=\"IMG_0715\" data-description=\"IMG_0715\" data-caption=\"Neptun\" data-title=\"IMG_0715\" style=\" width:215px; height:215px;\" \/><\/div><FIGCAPTION class=\"\" data-alpha=\"5\" style=\"color:#ffffff; background-color:#6f0000; font-size:140; text-align:left; font-family:Default;\" ><div class=\"grid-gallery-figcaption-wrap\" style=\"\"><\/div><\/FIGCAPTION><\/FIGURE><FIGURE class=\"grid-gallery-caption\" data-grid-gallery-type=\"quarter-slide-up\" data-index=\"15\" style=\"display:none;border-radius:00;; margin:5.3px; width:2150;\" ><div class=\"crop\" style=\" width:2150; height:2150; overflow:hidden;\"><img decoding=\"async\" src=\"https:\/\/www.vulkanlandsternwarte.at\/wordpress\/wp-content\/uploads\/2015\/09\/IMG_0719-215x215.jpg\" class=\"ggImg\" alt=\"IMG_0719\" title=\"IMG_0719\" data-description=\"IMG_0719\" data-caption=\"Pluto\" data-title=\"IMG_0719\" style=\" width:215px; height:215px;\" \/><\/div><FIGCAPTION class=\"\" data-alpha=\"5\" style=\"color:#ffffff; background-color:#6f0000; font-size:140; text-align:left; font-family:Default;\" ><div class=\"grid-gallery-figcaption-wrap\" style=\"\"><\/div><\/FIGCAPTION><\/FIGURE><FIGURE class=\"grid-gallery-caption\" data-grid-gallery-type=\"quarter-slide-up\" data-index=\"16\" style=\"display:none;border-radius:00;; margin:5.3px; width:2150;\" ><div class=\"crop\" style=\" width:2150; height:2150; overflow:hidden;\"><img decoding=\"async\" src=\"https:\/\/www.vulkanlandsternwarte.at\/wordpress\/wp-content\/uploads\/2015\/09\/IMG_0723-215x215.jpg\" class=\"ggImg\" alt=\"IMG_0723\" title=\"IMG_0723\" data-description=\"IMG_0723\" data-caption=\"Beginn des Planetenwanderweges mit Pluto\" data-title=\"IMG_0723\" style=\" width:215px; height:215px;\" \/><\/div><FIGCAPTION class=\"\" data-alpha=\"5\" style=\"color:#ffffff; background-color:#6f0000; font-size:140; text-align:left; font-family:Default;\" ><div class=\"grid-gallery-figcaption-wrap\" style=\"\"><\/div><\/FIGCAPTION><\/FIGURE> <div class=\"grid-gallery-clearfix\"><\/div> <\/div> <div class=\"gallery-sharing-bottom\" style=\"display:none;\"> <\/div> <div class=\"gallery-sharing-image\" style=\"display:none;\"> <\/div> <div class=\"gallery-sharing-popup\" style=\"display:none;\"> <\/div> <div class=\"grid-gallery-clearfix\"><\/div> <\/div> <!-- Gallery by Supsystic plugin1.16.0 --><a title=\"Wordpress Gallery Plugin Free\" style=\"display:none;\" href=\"https:\/\/supsystic.com\/plugins\/photo-gallery\/?utm_medium=love_link\" target=\"_blank\">Wordpress Gallery Plugin Free<\/a>\n","protected":false},"excerpt":{"rendered":"<p>Die Gemeinde Auersbach errichtete mit technischer Unterst\u00fctzung des Astroclub Auersbach einen Wanderweg der besonderen Art. Ziel des Planetenwanderweges war die gewaltigen Entfernungen im Sonnensystem anschaulich darzustellen. Realisiert wurde dieses Projekt anhand eines Workcamps mit Jugendlichen aus 9 Nationen und aus der Region. Die Entfernungen im Weltraum sind gewaltig. Die Erde ist zum Beispiel 150 Millionen &hellip; <\/p>\n<p class=\"link-more\"><a href=\"https:\/\/www.vulkanlandsternwarte.at\/index.php\/planetenwanderweg\/\" class=\"more-link\">Read more<span class=\"screen-reader-text\"> &#8222;Planetenwanderweg&#8220;<\/span><\/a><\/p>\n","protected":false},"author":1,"featured_media":0,"parent":0,"menu_order":0,"comment_status":"closed","ping_status":"closed","template":"","meta":{"footnotes":""},"class_list":["post-34","page","type-page","status-publish","hentry"],"_links":{"self":[{"href":"https:\/\/www.vulkanlandsternwarte.at\/index.php\/wp-json\/wp\/v2\/pages\/34","targetHints":{"allow":["GET"]}}],"collection":[{"href":"https:\/\/www.vulkanlandsternwarte.at\/index.php\/wp-json\/wp\/v2\/pages"}],"about":[{"href":"https:\/\/www.vulkanlandsternwarte.at\/index.php\/wp-json\/wp\/v2\/types\/page"}],"author":[{"embeddable":true,"href":"https:\/\/www.vulkanlandsternwarte.at\/index.php\/wp-json\/wp\/v2\/users\/1"}],"replies":[{"embeddable":true,"href":"https:\/\/www.vulkanlandsternwarte.at\/index.php\/wp-json\/wp\/v2\/comments?post=34"}],"version-history":[{"count":7,"href":"https:\/\/www.vulkanlandsternwarte.at\/index.php\/wp-json\/wp\/v2\/pages\/34\/revisions"}],"predecessor-version":[{"id":7408,"href":"https:\/\/www.vulkanlandsternwarte.at\/index.php\/wp-json\/wp\/v2\/pages\/34\/revisions\/7408"}],"wp:attachment":[{"href":"https:\/\/www.vulkanlandsternwarte.at\/index.php\/wp-json\/wp\/v2\/media?parent=34"}],"curies":[{"name":"wp","href":"https:\/\/api.w.org\/{rel}","templated":true}]}}