{"id":4,"date":"2015-09-17T20:50:56","date_gmt":"2015-09-17T18:50:56","guid":{"rendered":"http:\/\/www.vulkanlandsternwarte.at\/wordpress\/?page_id=4"},"modified":"2026-03-27T11:53:48","modified_gmt":"2026-03-27T10:53:48","slug":"verein","status":"publish","type":"page","link":"https:\/\/www.vulkanlandsternwarte.at\/index.php\/verein\/","title":{"rendered":"Geschichte"},"content":{"rendered":"<p><img loading=\"lazy\" decoding=\"async\" class=\"alignnone size-medium wp-image-87\" src=\"https:\/\/www.vulkanlandsternwarte.at\/wordpress\/wp-content\/uploads\/2015\/09\/kuppeln-300x225.png\" alt=\"kuppeln\" width=\"300\" height=\"225\" srcset=\"https:\/\/www.vulkanlandsternwarte.at\/wordpress\/wp-content\/uploads\/2015\/09\/kuppeln-300x225.png 300w, https:\/\/www.vulkanlandsternwarte.at\/wordpress\/wp-content\/uploads\/2015\/09\/kuppeln-768x576.png 768w, https:\/\/www.vulkanlandsternwarte.at\/wordpress\/wp-content\/uploads\/2015\/09\/kuppeln-1024x768.png 1024w\" sizes=\"auto, (max-width: 300px) 100vw, 300px\" \/><\/p>\n<p>Inmitten der Oststeiermark wurde am 28. April 2001 die \u00f6ffentliche Sternwarte in der Gemeinde Auersbach er\u00f6ffnet.<br \/>\n45 Kilometer von Graz entfernt, im Bezirk Feldbach, in der N\u00e4he der Riegersburg und 2 km von Schloss Kornberg entfernt, liegt die Sternwarte auf dem Rosenberg in der Gemeinde Auersbach. Sie ist damit weit genug entfernt, um gerade dem st\u00f6renden Licht der Bezirkshauptstadt Feldbach zu entkommen, um dunkle Beobachtungsn\u00e4chte zu garantieren. Auch liegt sie oft oberhalb des Nebels, der sich gerne \u00fcber das Auersbachtal senkt.<\/p>\n<p>Die Sternwarte wurde vom Astroclub Auersbach gebaut, die Gemeinde Auersbach, allem voran Landtagsabgeordneter Ing. Josef Ober unterst\u00fctzte tatkr\u00e4ftig die Idee der Sternwarte. Bald war mit Herrn Ehrenh\u00f6fer ein Landwirt gefunden, der dem Astroclub ein Grundst\u00fcck zur Verf\u00fcgung stellte.<\/p>\n<p>Durch Einrichtung seiner Heurigenschenke \u201eZum Sterngucker\u201c wurde die ideale Kombination von Astronomie und Gastronomie gefunden. Die Heurigenschenke ist mittlerweile leider dauerhaft geschlossen.<\/p>\n<p>Der Astroclub Auersbach umfasst derzeit ca. 50 Mitglieder \u2013 Tendenz steigend.<br \/>\nWir m\u00f6chten durch unsere F\u00fchrungen der breiten \u00d6ffentlichkeit das Thema Astronomie und Raumfahrt n\u00e4her bringen.<\/p>\n<p>Die F\u00fchrungen finden jeden Freitag, au\u00dfer um den Vollmond, nach Einbruch der Dunkelheit statt und beginnen mit einem Vortrag zum Universum. Dann geht es zum praktischen Beobachten in die zwei Kuppeln, in denen die computergesteuerten Spiegelfernrohre 16\u201c und 10\u201c der Firma MEADE untergebracht sind.<\/p>\n","protected":false},"excerpt":{"rendered":"<p>Inmitten der Oststeiermark wurde am 28. April 2001 die \u00f6ffentliche Sternwarte in der Gemeinde Auersbach er\u00f6ffnet. 45 Kilometer von Graz entfernt, im Bezirk Feldbach, in der N\u00e4he der Riegersburg und 2 km von Schloss Kornberg entfernt, liegt die Sternwarte auf dem Rosenberg in der Gemeinde Auersbach. Sie ist damit weit genug entfernt, um gerade dem &hellip; <\/p>\n<p class=\"link-more\"><a href=\"https:\/\/www.vulkanlandsternwarte.at\/index.php\/verein\/\" class=\"more-link\">Read more<span class=\"screen-reader-text\"> &#8222;Geschichte&#8220;<\/span><\/a><\/p>\n","protected":false},"author":1,"featured_media":0,"parent":0,"menu_order":0,"comment_status":"closed","ping_status":"closed","template":"","meta":{"footnotes":""},"class_list":["post-4","page","type-page","status-publish","hentry"],"_links":{"self":[{"href":"https:\/\/www.vulkanlandsternwarte.at\/index.php\/wp-json\/wp\/v2\/pages\/4","targetHints":{"allow":["GET"]}}],"collection":[{"href":"https:\/\/www.vulkanlandsternwarte.at\/index.php\/wp-json\/wp\/v2\/pages"}],"about":[{"href":"https:\/\/www.vulkanlandsternwarte.at\/index.php\/wp-json\/wp\/v2\/types\/page"}],"author":[{"embeddable":true,"href":"https:\/\/www.vulkanlandsternwarte.at\/index.php\/wp-json\/wp\/v2\/users\/1"}],"replies":[{"embeddable":true,"href":"https:\/\/www.vulkanlandsternwarte.at\/index.php\/wp-json\/wp\/v2\/comments?post=4"}],"version-history":[{"count":15,"href":"https:\/\/www.vulkanlandsternwarte.at\/index.php\/wp-json\/wp\/v2\/pages\/4\/revisions"}],"predecessor-version":[{"id":7414,"href":"https:\/\/www.vulkanlandsternwarte.at\/index.php\/wp-json\/wp\/v2\/pages\/4\/revisions\/7414"}],"wp:attachment":[{"href":"https:\/\/www.vulkanlandsternwarte.at\/index.php\/wp-json\/wp\/v2\/media?parent=4"}],"curies":[{"name":"wp","href":"https:\/\/api.w.org\/{rel}","templated":true}]}}