{"id":7385,"date":"2026-03-21T22:17:31","date_gmt":"2026-03-21T21:17:31","guid":{"rendered":"https:\/\/www.vulkanlandsternwarte.at\/?page_id=7385"},"modified":"2026-03-21T22:26:15","modified_gmt":"2026-03-21T21:26:15","slug":"verein-ziele","status":"publish","type":"page","link":"https:\/\/www.vulkanlandsternwarte.at\/index.php\/verein-ziele\/","title":{"rendered":"Verein &amp; Ziele"},"content":{"rendered":"\n<figure class=\"wp-block-image\"><img loading=\"lazy\" decoding=\"async\" width=\"300\" height=\"225\" src=\"https:\/\/www.vulkanlandsternwarte.at\/wordpress\/wp-content\/uploads\/2015\/09\/kuppeln-300x225.png\" alt=\"kuppeln\" class=\"wp-image-87\" srcset=\"https:\/\/www.vulkanlandsternwarte.at\/wordpress\/wp-content\/uploads\/2015\/09\/kuppeln-300x225.png 300w, https:\/\/www.vulkanlandsternwarte.at\/wordpress\/wp-content\/uploads\/2015\/09\/kuppeln-768x576.png 768w, https:\/\/www.vulkanlandsternwarte.at\/wordpress\/wp-content\/uploads\/2015\/09\/kuppeln-1024x768.png 1024w\" sizes=\"auto, (max-width: 300px) 100vw, 300px\" \/><\/figure>\n\n\n\n<p>Inmitten der Oststeiermark wurde am 28. April 2001 die \u00f6ffentliche Sternwarte in der Gemeinde Auersbach er\u00f6ffnet.<br>45 Kilometer von Graz entfernt, im Bezirk Feldbach, in der N\u00e4he der Riegersburg und 2 km von Schloss Kornberg entfernt, liegt die Sternwarte auf dem Rosenberg in der Gemeinde Auersbach. Sie ist damit weit genug entfernt, um gerade dem st\u00f6renden Licht der Bezirkshauptstadt Feldbach zu entkommen, um dunkle Beobachtungsn\u00e4chte zu garantieren. Auch liegt sie oft oberhalb des Nebels, der sich gerne \u00fcber das Auersbachtal senkt.<\/p>\n\n\n\n<p>Die Sternwarte wurde vom Astroclub Auersbach gebaut, die Gemeinde Auersbach, allem voran Landtagsabgeordneter Ing. Josef Ober unterst\u00fctzte tatkr\u00e4ftig die Idee der Sternwarte. Bald war mit Herrn Ehrenh\u00f6fer ein Landwirt gefunden, der dem Astroclub ein Grundst\u00fcck zur Verf\u00fcgung stellte.<\/p>\n\n\n\n<p>Durch Einrichtung seiner Heurigenschenke \u201eZum Sterngucker\u201c wurde die ideale Kombination von Astronomie und Gastronomie gefunden. Die Heurigenschenke ist mittlerweile leider dauerhaft geschlossen.<\/p>\n\n\n\n<p>Der Astroclub Auersbach umfasst derzeit ca. 50 Mitglieder \u2013 Tendenz steigend.<br>Wir m\u00f6chten durch unsere F\u00fchrungen der breiten \u00d6ffentlichkeit das Thema Astronomie und Raumfahrt n\u00e4her bringen.<\/p>\n\n\n\n<p>Die F\u00fchrungen finden jeden Freitag, au\u00dfer um den Vollmond, nach Einbruch der Dunkelheit statt und beginnen mit einem Vortrag zum Universum. Dann geht es zum praktischen Beobachten in die zwei Kuppeln, in denen die computergesteuerten Spiegelfernrohre 16\u201c und 10\u201c der Firma MEADE untergebracht sind.<\/p>\n\n\n\n<p>Unsere Ziele:<\/p>\n\n\n\n<ul class=\"wp-block-list\">\n<li>N\u00e4herbringen der Astronomie und Raumfahrt einer breiten \u00d6ffentlichkeit, vor allem der Jugend<\/li>\n\n\n\n<li>Die Einzigartigkeit unseres blauen Planeten darstellen<\/li>\n\n\n\n<li>Fotos der einzigartigen Sterne, Planeten und Galaxien erstellen<\/li>\n\n\n\n<li>fachlicher Austausch unter Amateur Astronomen und Astrophotographen<\/li>\n<\/ul>\n\n\n\n<p>Ihre Mitgliedsvorteile:<\/p>\n\n\n\n<ul class=\"wp-block-list\">\n<li>Sie haben die M\u00f6glichkeit den Sternenhimmel von Grund auf kennenzulernen<\/li>\n\n\n\n<li>Wir beraten Sie beim Kauf von Teleskopen, Kameras, Zubeh\u00f6r etc.<\/li>\n\n\n\n<li>Sie vermeiden Fehler, die gerne am Anfang begangen werden (wir haben sie fast alle f\u00fcr Sie schon begangen)<\/li>\n\n\n\n<li>Bei unseren monatlichen Vereinstreffen gibt es immer wieder Vortr\u00e4ge zu verschiedensten Themen rund um die Astronomie und Photographie.<\/li>\n\n\n\n<li>Sie werden \u00fcber unsere Emailnewsletter mit Neuigkeiten aus dem Bereich Astronomie informiert.<\/li>\n<\/ul>\n\n\n\n<p>Au\u00dferdem k\u00f6nnen sie als Vereinsmitglied kostenlos an den F\u00fchrungen teilnehmen.<\/p>\n\n\n\n<p>Der Jahresmitgliedsbeitrag betr\u00e4gt:<\/p>\n\n\n\n<ul class=\"wp-block-list\">\n<li>f\u00fcr Mitglieder bis 14 Jahre EUR&nbsp;9,&#8211; \/Jahr<\/li>\n\n\n\n<li>f\u00fcr&nbsp;Mitglieder ab 14 Jahren EUR&nbsp;18,&#8211; \/Jahr<\/li>\n\n\n\n<li>f\u00fcr&nbsp;Familienmitglieder EUR 25,&#8211; \/Jahr.<\/li>\n<\/ul>\n\n\n\n<p>Einzahlung per Erlagschein m\u00f6glich:<\/p>\n\n\n\n<p>Empf\u00e4nger: ACA Astroclub Auersbach, Raiffeisenbank Region Feldbach, IBAN: AT03 3849 7000 0004 6599<br>(bitte Name auf der Einzahlung bekanntgeben! Danke!)<\/p>\n\n\n\n<p><\/p>\n","protected":false},"excerpt":{"rendered":"<p>Inmitten der Oststeiermark wurde am 28. April 2001 die \u00f6ffentliche Sternwarte in der Gemeinde Auersbach er\u00f6ffnet.45 Kilometer von Graz entfernt, im Bezirk Feldbach, in der N\u00e4he der Riegersburg und 2 km von Schloss Kornberg entfernt, liegt die Sternwarte auf dem Rosenberg in der Gemeinde Auersbach. Sie ist damit weit genug entfernt, um gerade dem st\u00f6renden &hellip; <\/p>\n<p class=\"link-more\"><a href=\"https:\/\/www.vulkanlandsternwarte.at\/index.php\/verein-ziele\/\" class=\"more-link\">Read more<span class=\"screen-reader-text\"> &#8222;Verein &amp; Ziele&#8220;<\/span><\/a><\/p>\n","protected":false},"author":14,"featured_media":0,"parent":0,"menu_order":0,"comment_status":"closed","ping_status":"closed","template":"","meta":{"footnotes":""},"class_list":["post-7385","page","type-page","status-publish","hentry"],"_links":{"self":[{"href":"https:\/\/www.vulkanlandsternwarte.at\/index.php\/wp-json\/wp\/v2\/pages\/7385","targetHints":{"allow":["GET"]}}],"collection":[{"href":"https:\/\/www.vulkanlandsternwarte.at\/index.php\/wp-json\/wp\/v2\/pages"}],"about":[{"href":"https:\/\/www.vulkanlandsternwarte.at\/index.php\/wp-json\/wp\/v2\/types\/page"}],"author":[{"embeddable":true,"href":"https:\/\/www.vulkanlandsternwarte.at\/index.php\/wp-json\/wp\/v2\/users\/14"}],"replies":[{"embeddable":true,"href":"https:\/\/www.vulkanlandsternwarte.at\/index.php\/wp-json\/wp\/v2\/comments?post=7385"}],"version-history":[{"count":2,"href":"https:\/\/www.vulkanlandsternwarte.at\/index.php\/wp-json\/wp\/v2\/pages\/7385\/revisions"}],"predecessor-version":[{"id":7388,"href":"https:\/\/www.vulkanlandsternwarte.at\/index.php\/wp-json\/wp\/v2\/pages\/7385\/revisions\/7388"}],"wp:attachment":[{"href":"https:\/\/www.vulkanlandsternwarte.at\/index.php\/wp-json\/wp\/v2\/media?parent=7385"}],"curies":[{"name":"wp","href":"https:\/\/api.w.org\/{rel}","templated":true}]}}