{"id":7409,"date":"2026-03-27T11:42:11","date_gmt":"2026-03-27T10:42:11","guid":{"rendered":"https:\/\/www.vulkanlandsternwarte.at\/?page_id=7409"},"modified":"2026-03-27T13:50:09","modified_gmt":"2026-03-27T12:50:09","slug":"angebote","status":"publish","type":"page","link":"https:\/\/www.vulkanlandsternwarte.at\/index.php\/angebote\/","title":{"rendered":"Angebote"},"content":{"rendered":"\n<p><\/p>\n\n\n\n<p class=\"has-text-align-left\">-F\u00fchrung mit Vortrag, Reise durchs Univesum, G\u00fcnter Kleinschuster<br>-F\u00fchrung mit Vortrag, Astronomische Wissenschaftsgeschichte, Patrick Lampl<br>-Freier Beobachtungsabend<br>-Planetariumsvortrag, f\u00fcr jeden oder speziell f\u00fcr Kinder, Marc Scheiring<\/p>\n\n\n\n<p class=\"has-text-align-center\"><\/p>\n\n\n\n<p><\/p>\n","protected":false},"excerpt":{"rendered":"<p>-F\u00fchrung mit Vortrag, Reise durchs Univesum, G\u00fcnter Kleinschuster-F\u00fchrung mit Vortrag, Astronomische Wissenschaftsgeschichte, Patrick Lampl-Freier Beobachtungsabend-Planetariumsvortrag, f\u00fcr jeden oder speziell f\u00fcr Kinder, Marc Scheiring<\/p>\n","protected":false},"author":14,"featured_media":0,"parent":0,"menu_order":0,"comment_status":"closed","ping_status":"closed","template":"","meta":{"footnotes":""},"class_list":["post-7409","page","type-page","status-publish","hentry"],"_links":{"self":[{"href":"https:\/\/www.vulkanlandsternwarte.at\/index.php\/wp-json\/wp\/v2\/pages\/7409","targetHints":{"allow":["GET"]}}],"collection":[{"href":"https:\/\/www.vulkanlandsternwarte.at\/index.php\/wp-json\/wp\/v2\/pages"}],"about":[{"href":"https:\/\/www.vulkanlandsternwarte.at\/index.php\/wp-json\/wp\/v2\/types\/page"}],"author":[{"embeddable":true,"href":"https:\/\/www.vulkanlandsternwarte.at\/index.php\/wp-json\/wp\/v2\/users\/14"}],"replies":[{"embeddable":true,"href":"https:\/\/www.vulkanlandsternwarte.at\/index.php\/wp-json\/wp\/v2\/comments?post=7409"}],"version-history":[{"count":3,"href":"https:\/\/www.vulkanlandsternwarte.at\/index.php\/wp-json\/wp\/v2\/pages\/7409\/revisions"}],"predecessor-version":[{"id":7421,"href":"https:\/\/www.vulkanlandsternwarte.at\/index.php\/wp-json\/wp\/v2\/pages\/7409\/revisions\/7421"}],"wp:attachment":[{"href":"https:\/\/www.vulkanlandsternwarte.at\/index.php\/wp-json\/wp\/v2\/media?parent=7409"}],"curies":[{"name":"wp","href":"https:\/\/api.w.org\/{rel}","templated":true}]}}