{"id":9,"date":"2015-09-17T21:00:02","date_gmt":"2015-09-17T19:00:02","guid":{"rendered":"http:\/\/www.vulkanlandsternwarte.at\/wordpress\/?page_id=9"},"modified":"2024-08-05T22:06:01","modified_gmt":"2024-08-05T20:06:01","slug":"bau","status":"publish","type":"page","link":"https:\/\/www.vulkanlandsternwarte.at\/index.php\/bau\/","title":{"rendered":"Bau"},"content":{"rendered":"<p>Die Sternwarte wurde im April 2001 nach einj\u00e4hriger Bauzeit feierlich er\u00f6ffnet.<br \/>\nNun stellt sich die Frage, wie kam es zu solch einem Projekt in der 850-Seelen-Gemeinde Auersbach?<\/p>\n<p>Im Jahre 1996 brachte der Astronomieinteressierte Dr. Emmerich Fr\u00fchwirt die Idee eine Sternwarte zu bauen dem Gemeinderat von Auersbach nahe. B\u00fcrgermeister und Landtagsabgeordneter Ing. Josef Ober war sofort begeistert und unterst\u00fctzte das Vorhaben mit all seiner Kraft.<\/p>\n<p>Mit Hannes Schmidt und G\u00fcnter Kleinschuster waren auch schon zwei aktive Amateurastronomen aus der n\u00e4heren Umgebung gefunden, die sich gleich an der Planung und Realisierung des Vorhabens beteiligten.<\/p>\n<p>Nach mehrj\u00e4hriger Planungsphase erfolgte schlie\u00dflich im M\u00e4rz 2000 der Spatenstich.<br \/>\nAm 15. Februar 2000 wurde auch der Astroclub Auersbach &#8211; der Verein, der die Sternwarte betreut &#8211; gegr\u00fcndet. In der Gr\u00fcndungssitzung wurde Hannes Schmidt zum Obmann gew\u00e4hlt.<br \/>\nIn der Gr\u00fcndungsphase stie\u00df auch Erich Kowald dazu. Dieser brachte bereits gro\u00dfe Erfahrung in Sachen Astronomie mit und stand dem Club fortan als profunder Vereinstischler, Elektriker und Planer mit Rat und Tat zur Seite.<\/p>\n<p>Mittlerweile z\u00e4hlt der Astroclub Auersbach mehr als 50 Mitglieder &#8211; von denen sich ein Drittel aktiv am Vereinsleben beteiligt.<\/p>\n<div id='gallery-1' class='gallery galleryid-9 gallery-columns-3 gallery-size-medium'><figure class='gallery-item'>\n\t\t\t<div class='gallery-icon landscape'>\n\t\t\t\t<a href='https:\/\/www.vulkanlandsternwarte.at\/index.php\/bau\/bau-3\/'><img loading=\"lazy\" decoding=\"async\" width=\"300\" height=\"205\" src=\"https:\/\/www.vulkanlandsternwarte.at\/wordpress\/wp-content\/uploads\/2021\/09\/bau-3-300x205.jpg\" class=\"attachment-medium size-medium\" alt=\"\" srcset=\"https:\/\/www.vulkanlandsternwarte.at\/wordpress\/wp-content\/uploads\/2021\/09\/bau-3-300x205.jpg 300w, https:\/\/www.vulkanlandsternwarte.at\/wordpress\/wp-content\/uploads\/2021\/09\/bau-3.jpg 650w\" sizes=\"auto, 100vw\" \/><\/a>\n\t\t\t<\/div><\/figure><figure class='gallery-item'>\n\t\t\t<div class='gallery-icon landscape'>\n\t\t\t\t<a href='https:\/\/www.vulkanlandsternwarte.at\/index.php\/bau\/bau-6\/'><img loading=\"lazy\" decoding=\"async\" width=\"300\" height=\"204\" src=\"https:\/\/www.vulkanlandsternwarte.at\/wordpress\/wp-content\/uploads\/2021\/09\/bau-6-300x204.jpg\" class=\"attachment-medium size-medium\" alt=\"\" srcset=\"https:\/\/www.vulkanlandsternwarte.at\/wordpress\/wp-content\/uploads\/2021\/09\/bau-6-300x204.jpg 300w, https:\/\/www.vulkanlandsternwarte.at\/wordpress\/wp-content\/uploads\/2021\/09\/bau-6.jpg 650w\" sizes=\"auto, 100vw\" \/><\/a>\n\t\t\t<\/div><\/figure><figure class='gallery-item'>\n\t\t\t<div class='gallery-icon landscape'>\n\t\t\t\t<a href='https:\/\/www.vulkanlandsternwarte.at\/index.php\/bau\/bau-9\/'><img loading=\"lazy\" decoding=\"async\" width=\"300\" height=\"204\" src=\"https:\/\/www.vulkanlandsternwarte.at\/wordpress\/wp-content\/uploads\/2021\/09\/bau-9-300x204.jpg\" class=\"attachment-medium size-medium\" alt=\"\" srcset=\"https:\/\/www.vulkanlandsternwarte.at\/wordpress\/wp-content\/uploads\/2021\/09\/bau-9-300x204.jpg 300w, https:\/\/www.vulkanlandsternwarte.at\/wordpress\/wp-content\/uploads\/2021\/09\/bau-9.jpg 650w\" sizes=\"auto, 100vw\" \/><\/a>\n\t\t\t<\/div><\/figure><figure class='gallery-item'>\n\t\t\t<div class='gallery-icon landscape'>\n\t\t\t\t<a href='https:\/\/www.vulkanlandsternwarte.at\/index.php\/bau\/bau-11\/'><img loading=\"lazy\" decoding=\"async\" width=\"300\" height=\"205\" src=\"https:\/\/www.vulkanlandsternwarte.at\/wordpress\/wp-content\/uploads\/2021\/09\/bau-11-300x205.jpg\" class=\"attachment-medium size-medium\" alt=\"\" srcset=\"https:\/\/www.vulkanlandsternwarte.at\/wordpress\/wp-content\/uploads\/2021\/09\/bau-11-300x205.jpg 300w, https:\/\/www.vulkanlandsternwarte.at\/wordpress\/wp-content\/uploads\/2021\/09\/bau-11.jpg 650w\" sizes=\"auto, 100vw\" \/><\/a>\n\t\t\t<\/div><\/figure><figure class='gallery-item'>\n\t\t\t<div class='gallery-icon landscape'>\n\t\t\t\t<a href='https:\/\/www.vulkanlandsternwarte.at\/index.php\/bau\/bau-12\/'><img loading=\"lazy\" decoding=\"async\" width=\"300\" height=\"204\" src=\"https:\/\/www.vulkanlandsternwarte.at\/wordpress\/wp-content\/uploads\/2021\/09\/bau-12-300x204.jpg\" class=\"attachment-medium size-medium\" alt=\"\" srcset=\"https:\/\/www.vulkanlandsternwarte.at\/wordpress\/wp-content\/uploads\/2021\/09\/bau-12-300x204.jpg 300w, https:\/\/www.vulkanlandsternwarte.at\/wordpress\/wp-content\/uploads\/2021\/09\/bau-12.jpg 650w\" sizes=\"auto, 100vw\" \/><\/a>\n\t\t\t<\/div><\/figure><figure class='gallery-item'>\n\t\t\t<div class='gallery-icon landscape'>\n\t\t\t\t<a href='https:\/\/www.vulkanlandsternwarte.at\/index.php\/bau\/bau-16\/'><img loading=\"lazy\" decoding=\"async\" width=\"300\" height=\"204\" src=\"https:\/\/www.vulkanlandsternwarte.at\/wordpress\/wp-content\/uploads\/2021\/09\/bau-16-300x204.jpg\" class=\"attachment-medium size-medium\" alt=\"\" srcset=\"https:\/\/www.vulkanlandsternwarte.at\/wordpress\/wp-content\/uploads\/2021\/09\/bau-16-300x204.jpg 300w, https:\/\/www.vulkanlandsternwarte.at\/wordpress\/wp-content\/uploads\/2021\/09\/bau-16.jpg 650w\" sizes=\"auto, 100vw\" \/><\/a>\n\t\t\t<\/div><\/figure><figure class='gallery-item'>\n\t\t\t<div class='gallery-icon landscape'>\n\t\t\t\t<a href='https:\/\/www.vulkanlandsternwarte.at\/index.php\/bau\/bau-18\/'><img loading=\"lazy\" decoding=\"async\" width=\"300\" height=\"197\" src=\"https:\/\/www.vulkanlandsternwarte.at\/wordpress\/wp-content\/uploads\/2021\/09\/bau-18-300x197.jpg\" class=\"attachment-medium size-medium\" alt=\"\" srcset=\"https:\/\/www.vulkanlandsternwarte.at\/wordpress\/wp-content\/uploads\/2021\/09\/bau-18-300x197.jpg 300w, https:\/\/www.vulkanlandsternwarte.at\/wordpress\/wp-content\/uploads\/2021\/09\/bau-18.jpg 650w\" sizes=\"auto, 100vw\" \/><\/a>\n\t\t\t<\/div><\/figure><figure class='gallery-item'>\n\t\t\t<div class='gallery-icon landscape'>\n\t\t\t\t<a href='https:\/\/www.vulkanlandsternwarte.at\/index.php\/bau\/bau-21\/'><img loading=\"lazy\" decoding=\"async\" width=\"300\" height=\"215\" src=\"https:\/\/www.vulkanlandsternwarte.at\/wordpress\/wp-content\/uploads\/2021\/09\/bau-21-300x215.jpg\" class=\"attachment-medium size-medium\" alt=\"\" srcset=\"https:\/\/www.vulkanlandsternwarte.at\/wordpress\/wp-content\/uploads\/2021\/09\/bau-21-300x215.jpg 300w, https:\/\/www.vulkanlandsternwarte.at\/wordpress\/wp-content\/uploads\/2021\/09\/bau-21.jpg 650w\" sizes=\"auto, 100vw\" \/><\/a>\n\t\t\t<\/div><\/figure><figure class='gallery-item'>\n\t\t\t<div class='gallery-icon landscape'>\n\t\t\t\t<a href='https:\/\/www.vulkanlandsternwarte.at\/index.php\/bau\/bau-23\/'><img loading=\"lazy\" decoding=\"async\" width=\"300\" height=\"205\" src=\"https:\/\/www.vulkanlandsternwarte.at\/wordpress\/wp-content\/uploads\/2021\/09\/bau-23-300x205.jpg\" class=\"attachment-medium size-medium\" alt=\"\" srcset=\"https:\/\/www.vulkanlandsternwarte.at\/wordpress\/wp-content\/uploads\/2021\/09\/bau-23-300x205.jpg 300w, https:\/\/www.vulkanlandsternwarte.at\/wordpress\/wp-content\/uploads\/2021\/09\/bau-23.jpg 650w\" sizes=\"auto, 100vw\" \/><\/a>\n\t\t\t<\/div><\/figure><figure class='gallery-item'>\n\t\t\t<div class='gallery-icon portrait'>\n\t\t\t\t<a href='https:\/\/www.vulkanlandsternwarte.at\/index.php\/bau\/bau-29\/'><img loading=\"lazy\" decoding=\"async\" width=\"205\" height=\"300\" src=\"https:\/\/www.vulkanlandsternwarte.at\/wordpress\/wp-content\/uploads\/2021\/09\/bau-29-205x300.jpg\" class=\"attachment-medium size-medium\" alt=\"\" srcset=\"https:\/\/www.vulkanlandsternwarte.at\/wordpress\/wp-content\/uploads\/2021\/09\/bau-29-205x300.jpg 205w, https:\/\/www.vulkanlandsternwarte.at\/wordpress\/wp-content\/uploads\/2021\/09\/bau-29.jpg 334w\" sizes=\"auto, 100vw\" \/><\/a>\n\t\t\t<\/div><\/figure>\n\t\t<\/div>\n\n","protected":false},"excerpt":{"rendered":"<p>Die Sternwarte wurde im April 2001 nach einj\u00e4hriger Bauzeit feierlich er\u00f6ffnet. Nun stellt sich die Frage, wie kam es zu solch einem Projekt in der 850-Seelen-Gemeinde Auersbach? Im Jahre 1996 brachte der Astronomieinteressierte Dr. Emmerich Fr\u00fchwirt die Idee eine Sternwarte zu bauen dem Gemeinderat von Auersbach nahe. B\u00fcrgermeister und Landtagsabgeordneter Ing. Josef Ober war sofort &hellip; <\/p>\n<p class=\"link-more\"><a href=\"https:\/\/www.vulkanlandsternwarte.at\/index.php\/bau\/\" class=\"more-link\">Read more<span class=\"screen-reader-text\"> &#8222;Bau&#8220;<\/span><\/a><\/p>\n","protected":false},"author":1,"featured_media":0,"parent":0,"menu_order":0,"comment_status":"closed","ping_status":"closed","template":"","meta":{"footnotes":""},"class_list":["post-9","page","type-page","status-publish","hentry"],"_links":{"self":[{"href":"https:\/\/www.vulkanlandsternwarte.at\/index.php\/wp-json\/wp\/v2\/pages\/9","targetHints":{"allow":["GET"]}}],"collection":[{"href":"https:\/\/www.vulkanlandsternwarte.at\/index.php\/wp-json\/wp\/v2\/pages"}],"about":[{"href":"https:\/\/www.vulkanlandsternwarte.at\/index.php\/wp-json\/wp\/v2\/types\/page"}],"author":[{"embeddable":true,"href":"https:\/\/www.vulkanlandsternwarte.at\/index.php\/wp-json\/wp\/v2\/users\/1"}],"replies":[{"embeddable":true,"href":"https:\/\/www.vulkanlandsternwarte.at\/index.php\/wp-json\/wp\/v2\/comments?post=9"}],"version-history":[{"count":9,"href":"https:\/\/www.vulkanlandsternwarte.at\/index.php\/wp-json\/wp\/v2\/pages\/9\/revisions"}],"predecessor-version":[{"id":6130,"href":"https:\/\/www.vulkanlandsternwarte.at\/index.php\/wp-json\/wp\/v2\/pages\/9\/revisions\/6130"}],"wp:attachment":[{"href":"https:\/\/www.vulkanlandsternwarte.at\/index.php\/wp-json\/wp\/v2\/media?parent=9"}],"curies":[{"name":"wp","href":"https:\/\/api.w.org\/{rel}","templated":true}]}}